{"id":6786,"date":"2021-01-25T20:11:22","date_gmt":"2021-01-26T01:11:22","guid":{"rendered":"https:\/\/mojomexico.company\/portal\/?post_type=product&#038;p=6786"},"modified":"2026-03-23T12:44:22","modified_gmt":"2026-03-23T18:44:22","slug":"api-inventario-sae-ilimitado","status":"publish","type":"product","link":"https:\/\/mojomexico.company\/portal\/producto\/api-inventario-sae-ilimitado\/","title":{"rendered":"Saeweb modulo2 API Inventario gran empresa"},"content":{"rendered":"<p><span class=\"Apple-style-span\">M\u00f3dulo que sincroniza\u00a0 el CATALOGO desde SAE a una tienda web: puede ser un proceso Programado ( por minuto, hora,\u00a0 dia, rango de dias, semanas, meses,etc) por SKU actualizando Precios, Nuevos Productos, Existencias.<br \/>\n<\/span><\/p>\n<p>\u00c9ste m\u00f3dulo s\u00f3lo sincroniza Inventarios, para la sincronizacion de Ventas es necesario adquirir el Modulo1 que tenemos disponible\u00a0 aqui en esta tiendaweb.<\/p>\n<p>Versi\u00f3n para Tiendas SAE SIN LIMITE DE TAMA\u00d1O, y puede incrementarse a la medida de cualquier negocio.<\/p>\n<p><strong>Nosotros nos hacemos cargo total de toda tu configuracion en Windows y Sistema Web y te OFRECEMOS 3MES GRATIS DE HOSTING-VPS MOJOMEXICO, para garantizar que SI funciona, en planes Hosting de terceros NO tenemos garantia.<\/strong><\/p>\n<p>Los precios est\u00e1n expresados en Pesos Mexicanos y se expide Factura Fiscal SAT 100% deducible de impuestos Mexicanos<\/p>\n","protected":false},"excerpt":{"rendered":"<p><a href=\"https:\/\/mojomexico.company\/portal\/?attachment_id=7649\" rel=\"attachment wp-att-7649\"><img alt=\"\" loading=\"lazy\" decoding=\"async\" class=\"alignleft size-medium wp-image-7649\" src=\"https:\/\/mojomexico.company\/portal\/wp-content\/uploads\/2021\/01\/caja-sae-emp-m2-280x300.png\" alt=\"\" width=\"280\" height=\"300\" srcset=\"https:\/\/i1.wp.com\/mojomexico.company\/portal\/wp-content\/uploads\/2021\/01\/caja-sae-emp-m2.png?resize=280%2C300&amp;ssl=1 280w, https:\/\/i1.wp.com\/mojomexico.company\/portal\/wp-content\/uploads\/2021\/01\/caja-sae-emp-m2.png?w=369&amp;ssl=1 369w\" sizes=\"(max-width: 280px) 100vw, 280px\" \/><\/a><\/p>\n<p><span class=\"Apple-style-span\">M\u00f3dulo que sincroniza\u00a0 el CATALOGO desde SAE a una tienda web: puede ser un proceso Programado ( por minuto, hora,\u00a0 dia, rango de dias, semanas, meses,etc) por SKU actualizando Precios, Nuevos Productos, Existencias.<br \/>\n<\/span><\/p>\n<p>Para tiendas web profesionales: Woocommerce, Shopify, Magento2 Adobe, SDK EndPoint JS, y otros PHP.<\/p>\n<p>\u00c9ste m\u00f3dulo s\u00f3lo sincroniza Inventarios, para la sincronizacion de Ventas es necesario adquirir el Modulo1 que tenemos disponible\u00a0 aqui en esta tiendaweb.<\/p>\n<p>Versi\u00f3n para Tiendas SAE SIN LIMITE DE TAMA\u00d1O, y puede incrementarse a la medida de cualquier negocio.<\/p>\n<p><strong>Nosotros nos hacemos cargo total de toda tu configuracion en Windows y Sistema Web y te OFRECEMOS 3MESES GRATIS DE HOSTING-VPS MOJOMEXICO en la compra de 2 o mas modulos, para garantizar que SI funciona, en planes Hosting de terceros NO tenemos garantia.<\/strong><\/p>\n<p>Los precios est\u00e1n expresados en Pesos Mexicanos y se expide Factura Fiscal SAT 100% deducible de impuestos Mexicanos<\/p>\n","protected":false},"featured_media":7649,"template":"","meta":{"saved_in_kubio":false,"_seopress_robots_primary_cat":"none","_seopress_titles_title":"","_seopress_titles_desc":"","_seopress_robots_index":"","spay_email":"","jetpack_publicize_message":""},"class_list":{"0":"post-6786","1":"product","2":"type-product","3":"status-publish","4":"has-post-thumbnail","6":"product_cat-conexion-webservice-erp-mg","7":"product_cat-joomla-eshop","8":"product_cat-magento2-ce","9":"product_cat-nodejs","10":"product_cat-php-laravel","11":"product_cat-saeweb-mg","12":"product_cat-saeweb-ps","13":"product_cat-saeweb-wc","14":"product_cat-shopify","15":"product_cat-woocommerce-wordpress","16":"product_tag-api-sae","17":"product_tag-caja5","18":"product_tag-sae","19":"product_tag-sae8","20":"product_tag-seweb","22":"first","23":"instock","24":"sale","25":"virtual","26":"taxable","27":"purchasable","28":"product-type-simple"},"jetpack_publicize_connections":[],"jetpack_sharing_enabled":true,"jetpack-related-posts":[],"_links":{"self":[{"href":"https:\/\/mojomexico.company\/portal\/wp-json\/wp\/v2\/product\/6786","targetHints":{"allow":["GET"]}}],"collection":[{"href":"https:\/\/mojomexico.company\/portal\/wp-json\/wp\/v2\/product"}],"about":[{"href":"https:\/\/mojomexico.company\/portal\/wp-json\/wp\/v2\/types\/product"}],"wp:featuredmedia":[{"embeddable":true,"href":"https:\/\/mojomexico.company\/portal\/wp-json\/wp\/v2\/media\/7649"}],"wp:attachment":[{"href":"https:\/\/mojomexico.company\/portal\/wp-json\/wp\/v2\/media?parent=6786"}],"curies":[{"name":"wp","href":"https:\/\/api.w.org\/{rel}","templated":true}]}}