{"id":6788,"date":"2021-01-26T18:47:42","date_gmt":"2021-01-26T23:47:42","guid":{"rendered":"https:\/\/mojomexico.company\/portal\/?post_type=product&#038;p=6788"},"modified":"2025-04-17T08:21:29","modified_gmt":"2025-04-17T14:21:29","slug":"conector-sae-modulo3-clientes","status":"publish","type":"product","link":"https:\/\/mojomexico.company\/portal\/producto\/conector-sae-modulo3-clientes\/","title":{"rendered":"Conector SAE Modulo3 Vendedores-Clientes"},"content":{"rendered":"<p><iframe loading=\"lazy\" src=\"https:\/\/anchor.fm\/sergio-romo0\/embed\/episodes\/saeweb-conexion-tienda-web-espudb\" width=\"400px\" height=\"102px\" frameborder=\"0\" scrolling=\"no\"><\/iframe><br \/>\n<a href=\"https:\/\/mojomexico.company\/portal\/?attachment_id=7652\" rel=\"attachment wp-att-7652\"><img alt=\"\" loading=\"lazy\" decoding=\"async\" data-attachment-id=\"7652\" data-permalink=\"https:\/\/mojomexico.company\/portal\/?attachment_id=7652\" data-orig-file=\"https:\/\/i2.wp.com\/mojomexico.company\/portal\/wp-content\/uploads\/2021\/01\/caja-sae-emp-m3.png?fit=369%2C395&amp;ssl=1\" data-orig-size=\"369,395\" data-comments-opened=\"1\" data-image-meta=\"{&quot;aperture&quot;:&quot;0&quot;,&quot;credit&quot;:&quot;&quot;,&quot;camera&quot;:&quot;&quot;,&quot;caption&quot;:&quot;&quot;,&quot;created_timestamp&quot;:&quot;0&quot;,&quot;copyright&quot;:&quot;&quot;,&quot;focal_length&quot;:&quot;0&quot;,&quot;iso&quot;:&quot;0&quot;,&quot;shutter_speed&quot;:&quot;0&quot;,&quot;title&quot;:&quot;&quot;,&quot;orientation&quot;:&quot;0&quot;}\" data-image-title=\"caja-sae-emp-m3\" data-image-description=\"\" data-medium-file=\"https:\/\/i2.wp.com\/mojomexico.company\/portal\/wp-content\/uploads\/2021\/01\/caja-sae-emp-m3.png?fit=280%2C300&amp;ssl=1\" data-large-file=\"https:\/\/i2.wp.com\/mojomexico.company\/portal\/wp-content\/uploads\/2021\/01\/caja-sae-emp-m3.png?fit=369%2C395&amp;ssl=1\" class=\"alignleft size-medium wp-image-7652\" src=\"https:\/\/i2.wp.com\/mojomexico.company\/portal\/wp-content\/uploads\/2021\/01\/caja-sae-emp-m3.png?resize=280%2C300&#038;ssl=1\" alt=\"\" width=\"280\" height=\"300\" srcset=\"https:\/\/i2.wp.com\/mojomexico.company\/portal\/wp-content\/uploads\/2021\/01\/caja-sae-emp-m3.png?resize=280%2C300&amp;ssl=1 280w, https:\/\/i2.wp.com\/mojomexico.company\/portal\/wp-content\/uploads\/2021\/01\/caja-sae-emp-m3.png?w=369&amp;ssl=1 369w\" sizes=\"(max-width: 280px) 100vw, 280px\" data-recalc-dims=\"1\" \/><\/a><\/p>\n<p><span class=\"Apple-style-span\"><strong>M\u00f3dulo3 Clientes .<\/strong>\u2013 M\u00f3dulo que integra la informaci\u00f3n de SALDO DE CLIENTES\u00a0 DESDE SAE a una tienda Magento ,\u00a0 Prestashop o Woocommerce: este m\u00f3dulo, toma la informaci\u00f3n desde SAE y mediante un proceso PROGRAMADO (puede programarse por minuto, hora,\u00a0 dia, rango de dias, semanas, meses,etc)\u00a0 envia la actualizaci\u00f3n entre ambos puntos de los Saldos por Cliente de forma autom\u00e1tica.<br \/>\n<\/span><\/p>\n<p>tiempo de Implementaci\u00f3n normal: 15 d\u00edas<\/p>\n<p><strong>** requiere previamente tener instalado en Modulo1 de nuestra marca<\/strong><\/p>\n<p><span class=\"Apple-style-span\">\u00a0<\/span>\u00c9ste m\u00f3dulo s\u00f3lo envia\u00a0 datos desde SAE hacia la Tienda Web (unidireccional) y para que cierre el ciclo completo se requiere MODULO1 VENTAS DE NUESTRA MARCA<\/p>\n<p>Versi\u00f3n para Tiendas SAE SIN LIMITE DE TAMA\u00d1O, y puede incrementarse a la medida de cualquier negocio.<\/p>\n<p>Para la Instalaci\u00f3n: te apoyamos via remota en la instalacion\u00a0 punto Hosting, y en tu equipo Windows (server, 8,9,10,Net)\u00a0 una guia completa de instalacion y el soporte Ilimitado por los 3 primeros meses.<\/p>\n<p><span class=\"Apple-style-span\"><strong><img alt=\"\" loading=\"lazy\" decoding=\"async\" class=\"alignleft size-thumbnail wp-image-1107\" src=\"https:\/\/i0.wp.com\/mojomexico.com.mx\/saemojo\/wp-content\/uploads\/2021\/04\/caja-orosaewebm2-150x150.png?resize=150%2C150&#038;ssl=1\" alt=\"\" width=\"150\" height=\"150\" data-recalc-dims=\"1\" \/><\/strong><\/span><\/p>\n<p>Tiempo de Implementaci\u00f3n normal: 10 d\u00edas.<\/p>\n<p>[ct_button url=\u00bbhttps:\/\/mojomexico-mx.com\u00bb color=\u00bb#FFFFFF\u00bb background=\u00bb#666666&#8243; gradient=\u00bb#444444&#8243; description=\u00bbCLIC AQUI\u00bb size=\u00bbnormal\u00bb position=\u00bbnone\u00bb icon=\u00bbangle-double-down\u00bb target=\u00bbblank\u00bb rel=\u00bb\u00bb]PLANES VPS MOJOMEXICO[\/ct_button]<\/p>\n<p>&nbsp;<\/p>\n<p><img loading=\"lazy\" decoding=\"async\" data-attachment-id=\"3516\" data-permalink=\"https:\/\/mojomexico.company\/portal\/?attachment_id=3516\" data-orig-file=\"https:\/\/i1.wp.com\/mojomexico.company\/portal\/wp-content\/uploads\/2016\/11\/sello-12.png?fit=400%2C270&amp;ssl=1\" data-orig-size=\"400,270\" data-comments-opened=\"1\" data-image-meta=\"{&quot;aperture&quot;:&quot;0&quot;,&quot;credit&quot;:&quot;&quot;,&quot;camera&quot;:&quot;&quot;,&quot;caption&quot;:&quot;&quot;,&quot;created_timestamp&quot;:&quot;0&quot;,&quot;copyright&quot;:&quot;&quot;,&quot;focal_length&quot;:&quot;0&quot;,&quot;iso&quot;:&quot;0&quot;,&quot;shutter_speed&quot;:&quot;0&quot;,&quot;title&quot;:&quot;&quot;,&quot;orientation&quot;:&quot;0&quot;}\" data-image-title=\"calidad mojomexico\" data-image-description=\"\" data-medium-file=\"https:\/\/i1.wp.com\/mojomexico.company\/portal\/wp-content\/uploads\/2016\/11\/sello-12.png?fit=300%2C203&amp;ssl=1\" data-large-file=\"https:\/\/i1.wp.com\/mojomexico.company\/portal\/wp-content\/uploads\/2016\/11\/sello-12.png?fit=400%2C270&amp;ssl=1\" class=\"alignleft wp-image-3516\" src=\"https:\/\/i1.wp.com\/mojomexico.company\/portal\/wp-content\/uploads\/2016\/11\/sello-12.png?resize=316%2C213&#038;ssl=1\" alt=\"calidad mojomexico\" width=\"316\" height=\"213\" data-wp-pid=\"3516\" srcset=\"https:\/\/i1.wp.com\/mojomexico.company\/portal\/wp-content\/uploads\/2016\/11\/sello-12.png?w=400&amp;ssl=1 400w, https:\/\/i1.wp.com\/mojomexico.company\/portal\/wp-content\/uploads\/2016\/11\/sello-12.png?resize=300%2C203&amp;ssl=1 300w, https:\/\/i1.wp.com\/mojomexico.company\/portal\/wp-content\/uploads\/2016\/11\/sello-12.png?resize=220%2C149&amp;ssl=1 220w\" sizes=\"(max-width: 316px) 100vw, 316px\" data-recalc-dims=\"1\" \/><strong>Que estoy comprando?<\/strong><\/p>\n<p>Al comprar nuestro producto, estas adquiriendo el derecho de uso de nuestro producto por dominio-tienda en forma de Una Licencia\u00a0 (puede adquirir varias licencias si manejas multitiendas) solo para el dominio \u00f3 dominios que registras en tu compra.<\/p>\n<p>Solo se entregan programas compilados sin opci\u00f3n a modificar m\u00e1s que por el personal calificado de Mojomexico y solo podr\u00e1 ser usado para el dominio-tienda registrado. El descuento en multitiendas es del 35% de la segunda hasta 99 licencias.<\/p>\n<p><strong>Qu\u00e9 pasa si MagentoCE, PS o WOO\u00a0 \u00f3 SAE cambian de versi\u00f3n ?<\/strong><\/p>\n<p>Nuestro conector est\u00e1 fabricado bajo los est\u00e1ndares de Calidad de MagentoCE para ser compatible con las versiones desde la 1.7.x hasta 1.9.x, pero siempre existe una posibilidad de que se presente una incompatibilidad futura. En todo caso, Mojomexico brindar\u00e1 la actualizaci\u00f3n inmediata al contratar su Poliza de Mantenimiento anual . En el caso de SAE aspel surge el mismo efecto, \u00e9ste producto funciona para las versiones 5.0 \u00f3 6.0 y 7.0<\/p>\n<p><strong>Tengo que pagar Alguna Anualidad por Renovaci\u00f3n de Licencia?<\/strong><\/p>\n<p>si , la renovacion de Licencia por el 35% del valor del producto en el momento.<\/p>\n<p><strong>C\u00f3mo es el proceso de instalaci\u00f3n?<\/strong><\/p>\n<p>Nosotros te incluimos el servicio de instalaci\u00f3n en LAS TIENDA WEB y y una guia completa para que por tu cuenta realices la instalacion solo por tu personal tecnico capacitado.<\/p>\n<p>Nota: Se requiere contar con planes hosting\u00a0 Profesionales especializados para Tiendas Web Potentes,\u00a0 por lo que se te recomienda usar nuestros planes hostingVPS<\/p>\n<p>[ct_button url=\u00bbhttps:\/\/mojomexico-mx.com\u00bb color=\u00bb#FFFFFF\u00bb background=\u00bb#666666&#8243; gradient=\u00bb#444444&#8243; description=\u00bbCLIC AQUI\u00bb size=\u00bbnormal\u00bb position=\u00bbnone\u00bb icon=\u00bbangle-double-down\u00bb target=\u00bbblank\u00bb rel=\u00bb\u00bb]PLANES VPS MOJOMEXICO[\/ct_button]<\/p>\n<p><strong>Despu\u00e9s de hacer el pago que sigue ?<\/strong><\/p>\n<p>Nuestro equipo de Contabilidad verifica y genera un TICKET ESPECIAL DE SERVICIO que te va a llegar en autom\u00e1tico al mail que nos indicas en tu orden, ahi se anexan las INSTRUCCIONES completas para DESCARGAR TU PRODUCTO y que puedas instalar de forma facil en tu tienda y sistema sae.<\/p>\n<p><strong>Que garant\u00eda tengo?<\/strong><\/p>\n<p>Nosotros te estamos ofreciendo UN A\u00d1O de garant\u00eda y soporte gr\u00e1tis por cualquier falla propia de nuestro producto, pero si la falla es ajena a nuestro c\u00f3digo no est\u00e1 protegido.<\/p>\n<p>La garant\u00eda NO CUBRE fallas propias del MOTOR WEB (ya sea magento o prestashop o woocommerce o cualquier otro) propias del software codigo y conflictos que se presenten entre programas; asi tampoco las fallas provocadas por Su Proveedor de Servicio Hosting<\/p>\n<p><strong>C\u00f3mo puedo ordenar este producto ahora?<\/strong><\/p>\n<p>carga el producto a tu carrito de compra y haz tu cierre de compra, sigue las instrucciones que se presentan en 2 clic puedes tener tu PEDIDO o COTIZACION automatica en tu mail en un Formato Perfectamente para presentar a tu director.<\/p>\n<p>Los precios est\u00e1n expresados en Pesos Mexicanos y se expide Factura Fiscal SAT 100% deducible de impuestos Mexicanos<\/p>\n<p>&nbsp;<\/p>\n<p>&nbsp;<\/p>\n<p>[ct_button url=\u00bbhttps:\/\/sae.mojomexico.com.mx\u00bb color=\u00bb#FFFFFF\u00bb background=\u00bb#666666&#8243; gradient=\u00bb#444444&#8243; description=\u00bbCLIC PARA VER\u00bb size=\u00bbhuge\u00bb position=\u00bbnone\u00bb icon=\u00bblevel-up\u00bb target=\u00bbblank\u00bb rel=\u00bb\u00bb]BLOGGER SAEW LISTA DE NUESTROS CLIENTES Y SUS OPINIONES[\/ct_button]<\/p>\n<p>puedes ver nuestros <a href=\"https:\/\/sae.mojomexico.com.mx\" target=\"_blank\" rel=\"noopener noreferrer\">DEMOS EN VIDEO\u00a0<\/a>\u00a0visitando nuestro canal <a href=\"https:\/\/youtube.com\/mojomexico\" target=\"_blank\" rel=\"noopener noreferrer\">YOUTUBE<\/a> Y VIEMO , sigue el boton VIDEO aqui para conocer la ultima version de este conector trabajando en una tienda real.<\/p>\n<p>&nbsp;<\/p>\n<p>&nbsp;<\/p>\n<p>&nbsp;<\/p>\n","protected":false},"excerpt":{"rendered":"<p><span class=\"Apple-style-span\">antes<\/span><\/p>\n<p><a href=\"https:\/\/mojomexico.company\/portal\/?attachment_id=7951\" rel=\"attachment wp-att-7951\"><img alt=\"\" loading=\"lazy\" decoding=\"async\" class=\"aligncenter size-full wp-image-7951\" src=\"https:\/\/mojomexico.company\/portal\/wp-content\/uploads\/2017\/01\/precio11990.png\" alt=\"\" width=\"180\" height=\"64\" \/><\/a><\/p>\n<p><span class=\"Apple-style-span\">ahora<\/span><\/p>\n<p><span class=\"Apple-style-span\"><a href=\"https:\/\/mojomexico.company\/portal\/?attachment_id=8009\" rel=\"attachment wp-att-8009\"><img alt=\"\" loading=\"lazy\" decoding=\"async\" class=\"aligncenter size-full wp-image-8009\" src=\"https:\/\/mojomexico.company\/portal\/wp-content\/uploads\/2021\/01\/precio249-1.png\" alt=\"\" width=\"261\" height=\"104\" \/><\/a><a href=\"https:\/\/mojomexico.company\/portal\/?attachment_id=7652\" rel=\"attachment wp-att-7652\"><img alt=\"\" loading=\"lazy\" decoding=\"async\" class=\"alignleft size-medium wp-image-7652\" src=\"https:\/\/mojomexico.company\/portal\/wp-content\/uploads\/2021\/01\/caja-sae-emp-m3-280x300.png\" alt=\"\" width=\"280\" height=\"300\" srcset=\"https:\/\/i2.wp.com\/mojomexico.company\/portal\/wp-content\/uploads\/2021\/01\/caja-sae-emp-m3.png?resize=280%2C300&amp;ssl=1 280w, https:\/\/i2.wp.com\/mojomexico.company\/portal\/wp-content\/uploads\/2021\/01\/caja-sae-emp-m3.png?w=369&amp;ssl=1 369w\" sizes=\"(max-width: 280px) 100vw, 280px\" \/><\/a><\/span><\/p>\n<p><span class=\"Apple-style-span\">M\u00f3dulo que integra la informaci\u00f3n de SALDO DE CLIENTES\u00a0 DESDE SAE a una tienda web<\/span><\/p>\n<p><strong>** requiere previamente tener instalado en Modulo1 de nuestra marca<\/strong><\/p>\n<p><span class=\"Apple-style-span\">\u00a0<\/span>\u00c9ste m\u00f3dulo sincroniza los saldos de Clientes desde SAE hacia la Tienda Web y requiere MODULO1 VENTAS DE NUESTRA MARCA<\/p>\n<p>Versi\u00f3n para Tiendas SAE SIN LIMITE DE TAMA\u00d1O, y puede incrementarse a la medida de cualquier negocio. Para la Instalaci\u00f3n: te apoyamos via remota en la instalacion\u00a0 punto Hosting, y en tu equipo Windows (server, 8,9,10,Net)\u00a0 mas una guia completa de instalacion y el soporte Ilimitado todo el a\u00f1o.Los precios est\u00e1n expresados en Pesos Mexicanos y se expide Factura Fiscal SAT 100% deducible de impuestos Mexicanos<\/p>\n","protected":false},"featured_media":7652,"template":"","meta":{"saved_in_kubio":false,"_seopress_robots_primary_cat":"","_seopress_titles_title":"","_seopress_titles_desc":"","_seopress_robots_index":"","spay_email":"","jetpack_publicize_message":""},"class_list":{"0":"post-6788","1":"product","2":"type-product","3":"status-publish","4":"has-post-thumbnail","6":"product_cat-prestashop","7":"product_cat-saeweb-ps","8":"product_cat-saeweb-wc","9":"product_cat-shopify","10":"product_cat-woocommerce-wordpress","11":"product_tag-aspel-magento","12":"product_tag-conector-sae-magento","13":"product_tag-firebird","14":"product_tag-modulo3","15":"product_tag-sae-clientes","16":"product_tag-sae-internet","17":"product_tag-sae-magento","18":"product_tag-sae-prestashop","19":"product_tag-sae-aspel","20":"product_tag-webservice","22":"first","23":"instock","24":"sale","25":"taxable","26":"shipping-taxable","27":"product-type-grouped"},"jetpack_publicize_connections":[],"jetpack_sharing_enabled":true,"jetpack-related-posts":[],"_links":{"self":[{"href":"https:\/\/mojomexico.company\/portal\/wp-json\/wp\/v2\/product\/6788","targetHints":{"allow":["GET"]}}],"collection":[{"href":"https:\/\/mojomexico.company\/portal\/wp-json\/wp\/v2\/product"}],"about":[{"href":"https:\/\/mojomexico.company\/portal\/wp-json\/wp\/v2\/types\/product"}],"wp:featuredmedia":[{"embeddable":true,"href":"https:\/\/mojomexico.company\/portal\/wp-json\/wp\/v2\/media\/7652"}],"wp:attachment":[{"href":"https:\/\/mojomexico.company\/portal\/wp-json\/wp\/v2\/media?parent=6788"}],"curies":[{"name":"wp","href":"https:\/\/api.w.org\/{rel}","templated":true}]}}