{"id":7153,"date":"2021-08-27T12:28:59","date_gmt":"2021-08-27T17:28:59","guid":{"rendered":"https:\/\/mojomexico.company\/portal\/?post_type=product&#038;p=7153"},"modified":"2024-01-22T05:30:20","modified_gmt":"2024-01-22T10:30:20","slug":"pasarela-de-pago-americanexpress-magentoce","status":"publish","type":"product","link":"https:\/\/mojomexico.company\/portal\/producto\/pasarela-de-pago-americanexpress-magentoce\/","title":{"rendered":"Pasarela de pago AmericanExpress MagentoCE"},"content":{"rendered":"<p>[symple_tabgroup]<br \/>\n[symple_tab title=\u00bbDescripcion del Producto\u00bb]<\/p>\n<p>&nbsp;<\/p>\n<p><a href=\"https:\/\/mojomexico.company\/portal\/?attachment_id=3448\" rel=\"attachment wp-att-3448\"><img alt=\"\" loading=\"lazy\" decoding=\"async\" data-attachment-id=\"3448\" data-permalink=\"https:\/\/mojomexico.company\/portal\/?attachment_id=3448\" data-orig-file=\"https:\/\/i2.wp.com\/mojomexico.company\/portal\/wp-content\/uploads\/2015\/09\/caja-amex1.jpg?fit=369%2C395&amp;ssl=1\" data-orig-size=\"369,395\" data-comments-opened=\"1\" data-image-meta=\"{&quot;aperture&quot;:&quot;0&quot;,&quot;credit&quot;:&quot;&quot;,&quot;camera&quot;:&quot;&quot;,&quot;caption&quot;:&quot;&quot;,&quot;created_timestamp&quot;:&quot;0&quot;,&quot;copyright&quot;:&quot;&quot;,&quot;focal_length&quot;:&quot;0&quot;,&quot;iso&quot;:&quot;0&quot;,&quot;shutter_speed&quot;:&quot;0&quot;,&quot;title&quot;:&quot;&quot;,&quot;orientation&quot;:&quot;0&quot;}\" data-image-title=\"american express mojomexico\" data-image-description=\"\" data-medium-file=\"https:\/\/i2.wp.com\/mojomexico.company\/portal\/wp-content\/uploads\/2015\/09\/caja-amex1.jpg?fit=280%2C300&amp;ssl=1\" data-large-file=\"https:\/\/i2.wp.com\/mojomexico.company\/portal\/wp-content\/uploads\/2015\/09\/caja-amex1.jpg?fit=369%2C395&amp;ssl=1\" class=\"alignleft size-full wp-image-3448\" src=\"https:\/\/i2.wp.com\/mojomexico.company\/portal\/wp-content\/uploads\/2015\/09\/caja-amex1.jpg?resize=369%2C395&#038;ssl=1\" alt=\"\" width=\"369\" height=\"395\" srcset=\"https:\/\/i2.wp.com\/mojomexico.company\/portal\/wp-content\/uploads\/2015\/09\/caja-amex1.jpg?w=369&amp;ssl=1 369w, https:\/\/i2.wp.com\/mojomexico.company\/portal\/wp-content\/uploads\/2015\/09\/caja-amex1.jpg?resize=280%2C300&amp;ssl=1 280w, https:\/\/i2.wp.com\/mojomexico.company\/portal\/wp-content\/uploads\/2015\/09\/caja-amex1.jpg?resize=300%2C321&amp;ssl=1 300w, https:\/\/i2.wp.com\/mojomexico.company\/portal\/wp-content\/uploads\/2015\/09\/caja-amex1.jpg?resize=220%2C236&amp;ssl=1 220w, https:\/\/i2.wp.com\/mojomexico.company\/portal\/wp-content\/uploads\/2015\/09\/caja-amex1.jpg?resize=180%2C193&amp;ssl=1 180w\" sizes=\"(max-width: 369px) 100vw, 369px\" data-recalc-dims=\"1\" \/><\/a>Extensi\u00f3n\u00a0de pagos para la versi\u00f3n Magento CE V-2-X, totalmente integrada al\u00a0c\u00f3digo\u00a0original de Magento en Backoffice y FrontOffice para recibir tarjetas de cr\u00e9dito y d\u00e9bito y procesar el pago directamente a su cuenta bancaria, todo esto de forma integral e Interno en la tienda Magento, bajo altas normas de seguridad de <strong>Banco.<\/strong><\/p>\n<p>Al comprar nuestro producto, \u00e9sto le d\u00e1 derecho al USO exclusivo de nuestro software como licencia para ser instalado por nuestro personal calificado en su \u00a0tienda \u00f3 tiendas Magento CE \/dominio, . La pasarela de pago se integra a la lista estandar que presenta regularmente Magento, en caso de \u00a0que su tienda utilice una plantilla especial para este proceso de pago, la integraci\u00f3n a dicha pasarela tendr\u00e1 un costo extra al precio marcado (estimable en cada caso) por horas de servicio adaptaci\u00f3n.<\/p>\n<p><strong>Importante:<\/strong> Si tu tienda usa IWD OnePage Checkout como motor final de compra , deber\u00e1s considerar cargar aqui el servicio especial de integracion onestep checkout. Adicional la versi\u00f3n Magento2 requiere de acci\u00f3nes personales de instalaci\u00f3n que requieren la asistencia t\u00e9cnica especializada de Mojomexico por lo que se requiere adquirir el paquete de asistencia t\u00e9cnica que se describe aqui mismo<\/p>\n<p>[\/symple_tab]<br \/>\n[symple_tab title=\u00bbGarantia y Servicio\u00bb]<\/p>\n<p><b>Que estoy comprando?<\/b><\/p>\n<p>Al comprar nuestro producto, estas adquiriendo el derecho de uso de nuestro producto por dominio (puedes adquirir varias licencias si manejas multitiendas) solo para el dominio \u00f3 dominios que registras en tu compra.<\/p>\n<p>Solo se entregan programas compilados sin opci\u00f3n a modificar m\u00e1s que por el personal calificado de Mojomexico y solo podr\u00e1 ser usado para el dominio-tienda registrado. El descuento en multitiendas es del 35% de la segunda hasta 99 licencias.<\/p>\n<p><strong>Con \u00e9sta pasarela puedo aceptar pagos con tarjetas Visa y Mastercard de otros Bancos \u00f3 de cualquier Banco del Mundo?<\/strong><\/p>\n<p>SI, con una pasarela puedes aceptar TODAS las tarjetas Visa y Mastercard nacionales e internacionales, de cualquier pa\u00eds. Regularmente todas las compras que se realicen en tu tienda en otras monedas distintas a PESOS, ser\u00e1n convertidas a pesos, a menos que \u00e9ste arreglo lo fijes con tu banco.<\/p>\n<p><strong>Puedo manejar pagos de 3,6,9,12 y 18 meses con y sin intereses en esta pasarela de pago?<\/strong><\/p>\n<p>para aplicar planes a diferir es necesario agragar a la compra de este producto EL MODULO DE MESES CON \/ SIN INTERES que tenemos disponible en este catalogo.<\/p>\n<p><b>Tengo que pagar anualidades \u00f3 comisiones por usar su producto?<\/b><\/p>\n<p>No, Nuestro producto no requiere anualidades ni comisiones por venta realizada, tu solo compras el producto y lo tienes de por vida para el dominio que destinaste. Todo el convenio de cobro y deposito a tu cuenta de cheques por tarjeta de cr\u00e9dito, es un arreglo de partes entre tu Banco Local y tu.<\/p>\n<p><b>C\u00f3mo es el proceso de instalaci\u00f3n?<\/b><\/p>\n<p>Siempre en todos nuestros conectores vas a tener disponible LA GUIA DE CONFIGURACION ESPECIAL publicada en nuestro sitio web Mojomexico para https:\/\/pasarelasdepago.com.mx ahi puedes ver que hemos anexado PANTALLAS donde se muestra la accion del conector y los pasos para integrarlo por tu cuenta o si requieres del apoyo tecnico Mojomexico, puedes adquirirlo y programarlo para nosotros hacernos cargo al 100%.<\/p>\n<p><b>Que garant\u00eda tengo?<\/b><\/p>\n<p>Nosotros te estamos ofreciendo SEIS MESES de garant\u00eda y soporte gr\u00e1tis DE 3 MESES por cualquier falla propia de nuestro producto, pero si la falla es ajena a nuestro c\u00f3digo, ning\u00fan evento est\u00e1 protegido, a menos que quieras adquirir nuestra p\u00f3liza de soporte y protecci\u00f3n para tu sistema.<\/p>\n<p><b>C\u00f3mo puedo ordenar este producto ahora?<\/b><\/p>\n<p>carga el producto a tu carrito de compra y haz tu cierre de compra, puedes pagar con dep\u00f3sito \u00f3 tranferencia electronica (CLABE) bancaria Mundial en tu moneda local. Al recibir tu pago, nosotros enviaremos la Factura Fiscal 100% deducible por el SAT Mexico.<\/p>\n<p>Como recibo mi conector despues de hacer mi pago ?<\/p>\n<p>Las instrucciones precisas sobre los pasos posteriores a tu pago, las recibes cuando generas tu ORDEN-PEDIDO , solo carga a carrito ahora y sigue las instrucciones, y vas a recibir todo directo a tu mail.<br \/>\n[\/symple_tab]<\/p>\n<p>[symple_tab title=\u00bbVideo demo\u00bb]<\/p>\n<p>EN YOUTUBE Y VIMEO tenemos los videos demos, solo busca nuestro canal MOJOMEXICO.<code><\/code><\/p>\n<p>[\/symple_tab]<br \/>\n[\/symple_tabgroup]<\/p>\n","protected":false},"excerpt":{"rendered":"<p><a href=\"https:\/\/mojomexico.company\/portal\/?attachment_id=6687\" rel=\"attachment wp-att-6687\"><img alt=\"\" loading=\"lazy\" decoding=\"async\" class=\"alignleft wp-image-6687\" src=\"https:\/\/mojomexico.company\/portal\/wp-content\/uploads\/2017\/02\/caja-orobanamex.png\" alt=\"\" width=\"230\" height=\"246\" srcset=\"https:\/\/i2.wp.com\/mojomexico.company\/portal\/wp-content\/uploads\/2017\/02\/caja-orobanamex.png?w=369&amp;ssl=1 369w, https:\/\/i2.wp.com\/mojomexico.company\/portal\/wp-content\/uploads\/2017\/02\/caja-orobanamex.png?resize=250%2C268&amp;ssl=1 250w, https:\/\/i2.wp.com\/mojomexico.company\/portal\/wp-content\/uploads\/2017\/02\/caja-orobanamex.png?resize=120%2C128&amp;ssl=1 120w\" sizes=\"(max-width: 230px) 100vw, 230px\" \/><\/a>Pasarela de Pago Amex HPP tiendas MagentoCE VER2.X totalmente integrada al\u00a0c\u00f3digo\u00a0original de Magento en Backoffice y FrontOffice para recibir tarjetas de cr\u00e9dito y d\u00e9bito y procesar el pago directamente a su cuenta bancaria, todo esto de forma integral e Interno en la tienda Magento, bajo altas normas de seguridad de <strong>Banco.<\/strong><\/p>\n<p>&nbsp;<\/p>\n<p>&nbsp;<\/p>\n","protected":false},"featured_media":3448,"template":"","meta":{"saved_in_kubio":false,"_seopress_robots_primary_cat":"","_seopress_titles_title":"","_seopress_titles_desc":"","_seopress_robots_index":"","spay_email":"","jetpack_publicize_message":""},"class_list":{"0":"post-7153","1":"product","2":"type-product","3":"status-publish","4":"has-post-thumbnail","6":"product_cat-magento-ce","7":"product_cat-magento2-ce","8":"product_cat-magento-ee","9":"product_tag-banamex-mage2","10":"product_tag-magento2-banamex","11":"product_shipping_class-s-remoto","13":"first","14":"instock","15":"featured","16":"virtual","17":"taxable","18":"purchasable","19":"product-type-simple"},"jetpack_publicize_connections":[],"jetpack_sharing_enabled":true,"jetpack-related-posts":[],"_links":{"self":[{"href":"https:\/\/mojomexico.company\/portal\/wp-json\/wp\/v2\/product\/7153","targetHints":{"allow":["GET"]}}],"collection":[{"href":"https:\/\/mojomexico.company\/portal\/wp-json\/wp\/v2\/product"}],"about":[{"href":"https:\/\/mojomexico.company\/portal\/wp-json\/wp\/v2\/types\/product"}],"wp:featuredmedia":[{"embeddable":true,"href":"https:\/\/mojomexico.company\/portal\/wp-json\/wp\/v2\/media\/3448"}],"wp:attachment":[{"href":"https:\/\/mojomexico.company\/portal\/wp-json\/wp\/v2\/media?parent=7153"}],"curies":[{"name":"wp","href":"https:\/\/api.w.org\/{rel}","templated":true}]}}