{"id":7326,"date":"2022-03-31T10:54:08","date_gmt":"2022-03-31T15:54:08","guid":{"rendered":"https:\/\/mojomexico.company\/portal\/?post_type=product&#038;p=7326"},"modified":"2024-02-22T18:16:59","modified_gmt":"2024-02-22T23:16:59","slug":"banorte-ventana-comercio-cifrada","status":"publish","type":"product","link":"https:\/\/mojomexico.company\/portal\/producto\/banorte-ventana-comercio-cifrada\/","title":{"rendered":"Banorte Ventana CC Magento2"},"content":{"rendered":"<p>&nbsp;<\/p>\n<p><a href=\"https:\/\/mojomexico.company\/portal\/?attachment_id=6772\" rel=\"attachment wp-att-6772\"><img alt=\"\" loading=\"lazy\" decoding=\"async\" data-attachment-id=\"6772\" data-permalink=\"https:\/\/mojomexico.company\/portal\/?attachment_id=6772\" data-orig-file=\"https:\/\/i1.wp.com\/mojomexico.company\/portal\/wp-content\/uploads\/2021\/01\/caja-orobanortepw2.png?fit=369%2C395&amp;ssl=1\" data-orig-size=\"369,395\" data-comments-opened=\"1\" data-image-meta=\"{&quot;aperture&quot;:&quot;0&quot;,&quot;credit&quot;:&quot;&quot;,&quot;camera&quot;:&quot;&quot;,&quot;caption&quot;:&quot;&quot;,&quot;created_timestamp&quot;:&quot;0&quot;,&quot;copyright&quot;:&quot;&quot;,&quot;focal_length&quot;:&quot;0&quot;,&quot;iso&quot;:&quot;0&quot;,&quot;shutter_speed&quot;:&quot;0&quot;,&quot;title&quot;:&quot;&quot;,&quot;orientation&quot;:&quot;0&quot;}\" data-image-title=\"caja-orobanortepw2\" data-image-description=\"\" data-medium-file=\"https:\/\/i1.wp.com\/mojomexico.company\/portal\/wp-content\/uploads\/2021\/01\/caja-orobanortepw2.png?fit=250%2C268&amp;ssl=1\" data-large-file=\"https:\/\/i1.wp.com\/mojomexico.company\/portal\/wp-content\/uploads\/2021\/01\/caja-orobanortepw2.png?fit=369%2C395&amp;ssl=1\" class=\"alignleft size-medium wp-image-6772\" src=\"https:\/\/i1.wp.com\/mojomexico.company\/portal\/wp-content\/uploads\/2021\/01\/caja-orobanortepw2.png?resize=250%2C268&#038;ssl=1\" alt=\"\" width=\"250\" height=\"268\" srcset=\"https:\/\/i1.wp.com\/mojomexico.company\/portal\/wp-content\/uploads\/2021\/01\/caja-orobanortepw2.png?resize=250%2C268&amp;ssl=1 250w, https:\/\/i1.wp.com\/mojomexico.company\/portal\/wp-content\/uploads\/2021\/01\/caja-orobanortepw2.png?resize=120%2C128&amp;ssl=1 120w, https:\/\/i1.wp.com\/mojomexico.company\/portal\/wp-content\/uploads\/2021\/01\/caja-orobanortepw2.png?w=369&amp;ssl=1 369w\" sizes=\"(max-width: 250px) 100vw, 250px\" data-recalc-dims=\"1\" \/><\/a>Extensi\u00f3n (Modulo o Plugin) de pagos BANORTE version Ventana de Comercio Cifrada\u00a0 para recibir tarjetas de cr\u00e9dito y d\u00e9bito y procesar el pago directamente a su cuenta bancaria, todo esto de forma integral e Interno en la tienda Magento2 y Magento1 en versiones CE , EE y Cloud , bajo altas normas de seguridad que marcan las instituciones bancarias.<\/p>\n<p>Al comprar nuestro producto, \u00e9sto le d\u00e1 derecho al USO exclusivo de nuestro software como licencia\u00a0 en su \u00a0tienda \/ dominio.<\/p>\n<p>En caso de que dese que se integre a una plantilla especial de su programa\u00a0 deber\u00e1 considerar adicionar al costo del producto el servicio de ajuste aqui mismo listado.<\/p>\n<p>SOLO PARA CONECTORES BANORTE:<\/p>\n<p>En todos los conectores, hay un proceso de \u00abpruebas de certificacion Bancario\u00bb que banorte solicita y el cliente debe atender directo; normalmente No se requiere la presencia (via telefono) de mojomexico pero en caso de que el banco lo requiera asi (normalmente no lo requiere pero pueden cambiar segun las reglas del banco), deber\u00e1s contratar como servicio extra (fuera de este pago) as horas de atencion directa.<\/p>\n<blockquote><p><a href=\"https:\/\/open.spotify.com\/episode\/1nN6BHqV6VcQvrALGdaxXI?si=Atdxgc6oT1uFQ1-uRLBIFQ\" target=\"_blank\" rel=\"noopener noreferrer\"><span style=\"color: #ff0000;\">ENTERATE DE COMO FUNCIONA ESTA CONEXION\u00a0 BANORTE<\/span><\/a><span style=\"color: #ff0000;\"> EN TU TIENDA Y LA RAZON POR LA QUE DEBES ADQUIRIR LA MARCA MOJOMEXICO, OTRAS MARCAS NO SABEN O NO INCLUYEN LAS VERSIONES AUTORIZADAS POR BANORTE MEXICO.<\/span><\/p><\/blockquote>\n<p><b><img loading=\"lazy\" decoding=\"async\" data-attachment-id=\"3516\" data-permalink=\"https:\/\/mojomexico.company\/portal\/?attachment_id=3516\" data-orig-file=\"https:\/\/i1.wp.com\/mojomexico.company\/portal\/wp-content\/uploads\/2016\/11\/sello-12.png?fit=400%2C270&amp;ssl=1\" data-orig-size=\"400,270\" data-comments-opened=\"1\" data-image-meta=\"{&quot;aperture&quot;:&quot;0&quot;,&quot;credit&quot;:&quot;&quot;,&quot;camera&quot;:&quot;&quot;,&quot;caption&quot;:&quot;&quot;,&quot;created_timestamp&quot;:&quot;0&quot;,&quot;copyright&quot;:&quot;&quot;,&quot;focal_length&quot;:&quot;0&quot;,&quot;iso&quot;:&quot;0&quot;,&quot;shutter_speed&quot;:&quot;0&quot;,&quot;title&quot;:&quot;&quot;,&quot;orientation&quot;:&quot;0&quot;}\" data-image-title=\"calidad mojomexico\" data-image-description=\"\" data-medium-file=\"https:\/\/i1.wp.com\/mojomexico.company\/portal\/wp-content\/uploads\/2016\/11\/sello-12.png?fit=300%2C203&amp;ssl=1\" data-large-file=\"https:\/\/i1.wp.com\/mojomexico.company\/portal\/wp-content\/uploads\/2016\/11\/sello-12.png?fit=400%2C270&amp;ssl=1\" class=\"alignleft wp-image-3516\" src=\"https:\/\/i1.wp.com\/mojomexico.company\/portal\/wp-content\/uploads\/2016\/11\/sello-12.png?resize=284%2C192&#038;ssl=1\" alt=\"calidad mojomexico\" width=\"284\" height=\"192\" data-wp-pid=\"3516\" srcset=\"https:\/\/i1.wp.com\/mojomexico.company\/portal\/wp-content\/uploads\/2016\/11\/sello-12.png?w=400&amp;ssl=1 400w, https:\/\/i1.wp.com\/mojomexico.company\/portal\/wp-content\/uploads\/2016\/11\/sello-12.png?resize=300%2C203&amp;ssl=1 300w, https:\/\/i1.wp.com\/mojomexico.company\/portal\/wp-content\/uploads\/2016\/11\/sello-12.png?resize=220%2C149&amp;ssl=1 220w\" sizes=\"(max-width: 284px) 100vw, 284px\" data-recalc-dims=\"1\" \/><\/b><strong>Que estoy comprando?<\/strong><\/p>\n<p>Al comprar nuestro producto, estas adquiriendo el derecho de uso de nuestro producto por dominio (puedes adquirir varias licencias si manejas multitiendas) solo para el dominio \u00f3 dominios que registras en tu compra.<\/p>\n<p>Solo se entregan programas compilados sin opci\u00f3n a modificar m\u00e1s que por el personal calificado de Mojomexico y solo podr\u00e1 ser usado para el dominio-tienda registrado. El descuento en multitiendas es del 35% de la segunda hasta 99 licencias.<\/p>\n<p><strong>Con \u00e9sta pasarela\u00a0 puedo aceptar pagos con tarjetas Visa y Mastercard de\u00a0 otros Bancos \u00f3 de cualquier Banco del Mundo?<\/strong><\/p>\n<p>SI, con una pasarela puedes aceptar TODAS las tarjetas Visa y Mastercard nacionales e internacionales, de cualquier pa\u00eds. Regularmente todas las compras que se realicen en tu tienda en otras monedas distintas a PESOS, ser\u00e1n convertidas a pesos, a menos que \u00e9ste arreglo lo fijes con tu banco.<\/p>\n<p><strong>Puedo aceptar American Express?<\/strong><\/p>\n<p>El banco No lo incluye , pero puedes\u00a0 adquirir en esta tienda el Modulo Amex que tenemos disponible.<\/p>\n<p><strong>Puedo manejar pagos de 3,6,9,12 y 18 meses con y sin intereses en esta pasarela de pago?<\/strong><\/p>\n<p>Debes agregar a tu compra nuestro\u00a0 MODULO PLAN CON \/ SIN interes que tenemos disponible en este mismo catalogo.<\/p>\n<p><strong>Qu\u00e9 es \u00f3 como funciona LA CERTIFICACION BANORTE y porque debo pagarla ?<\/strong><\/p>\n<p>La certificaci\u00f3n BANORTE es el paso de revisi\u00f3n y Certificaci\u00f3n que Banorte hace a la tienda bajo las instrucciones de Banorte-Servicio, ellos deciden en que momento requieren la presencia de los tecnicos desarrolladores y el tiempo a invertir en dicho evento tendr\u00e1 un cargo directo al cliente por el consumo de ese tiempo extra al precio pagado por el conector.<\/p>\n<p><strong>debo pagar comisiones por la venta de cada producto?<\/strong><\/p>\n<p>No, Nuestro conector no te aplica\u00a0 comisiones por venta realizada, tu solo compras nuestro softwarey lo tienes de por vida para el dominio que destinaste. Todo el convenio de cobro y deposito a tu cuenta de cheques por tarjeta de cr\u00e9dito, es un arreglo de partes entre Banorte y el cuentahabiente.<\/p>\n<p><strong>C\u00f3mo es el proceso de instalaci\u00f3n?<\/strong><\/p>\n<p>Nosotros te apoyamos con soporte via TICKET GRATIS durante los primeros 3 meses despues de tu compra y una GUIA COMPLETA para Instalaci\u00f3n y Configuraci\u00f3n con tips y experiencias de otros compradores asi podras instalarlo por tu cuenta.<\/p>\n<p>Pero en este caso especial de MAGENTO, se requiere destreza especial por lo que podras contratar aqui mismo estos servicios extras para tener el servicio completo.<\/p>\n<p><strong>Que garant\u00eda tengo?<\/strong><\/p>\n<p>Nosotros te estamos ofreciendo 6meses de garant\u00eda y soporte gr\u00e1tis por cualquier falla propia de nuestro producto, pero si la falla es ajena a nuestro c\u00f3digo o el Banco aplica ajustes en version de seguridad, ning\u00fan evento est\u00e1 protegido, a menos que quieras adquirir nuestra p\u00f3liza de soporte y protecci\u00f3n para tu sistema aqui mismo.<\/p>\n<p><strong>C\u00f3mo puedo ordenar este producto ahora?<\/strong><\/p>\n<p>carga el producto a tu carrito de compra y haz tu cierre de compra , vas a recibir directo en tu mail el pedido y las instrucciones completas con los pasos a seguir de forma sencilla.<\/p>\n<p><code>puedes ver todos nuestros videos demos sobre este banco y marca de tienda en YOUTUBE Y VIMEO busca a Mojomexico.<\/code><\/p>\n<p>&nbsp;<\/p>\n","protected":false},"excerpt":{"rendered":"<blockquote><p><span class=\"Apple-style-span\"><a href=\"https:\/\/mojomexico.company\/portal\/?attachment_id=6772\" rel=\"attachment wp-att-6772\"><img alt=\"\" loading=\"lazy\" decoding=\"async\" class=\"alignleft size-medium wp-image-6772\" src=\"https:\/\/mojomexico.company\/portal\/wp-content\/uploads\/2021\/01\/caja-orobanortepw2-250x268.png\" alt=\"\" width=\"250\" height=\"268\" srcset=\"https:\/\/i1.wp.com\/mojomexico.company\/portal\/wp-content\/uploads\/2021\/01\/caja-orobanortepw2.png?resize=250%2C268&amp;ssl=1 250w, https:\/\/i1.wp.com\/mojomexico.company\/portal\/wp-content\/uploads\/2021\/01\/caja-orobanortepw2.png?resize=120%2C128&amp;ssl=1 120w, https:\/\/i1.wp.com\/mojomexico.company\/portal\/wp-content\/uploads\/2021\/01\/caja-orobanortepw2.png?w=369&amp;ssl=1 369w\" sizes=\"(max-width: 250px) 100vw, 250px\" \/><\/a>Extensi\u00f3n (Modulo o Plugin) de pagos BANORTE version Ventana de Comercio Cifrada\u00a0 para recibir tarjetas de cr\u00e9dito y d\u00e9bito y procesar el pago directamente a su cuenta bancaria, todo esto de forma integral e Interno en la tienda Magento2 y Magento1 en versiones CE , EE y Cloud ,incluye nuestro servicio especializado de\u00a0 GUIA COMPLETA para que lo instales por tu cuenta con Soporte Ticket Gratis por 3Meses. Revise nuestras politicas de servicio en la seccion garantia y servicio de nuestro contrato publicado aqui mismo y para su descarga libre.<\/span><\/p><\/blockquote>\n<h5><a href=\"https:\/\/open.spotify.com\/episode\/1nN6BHqV6VcQvrALGdaxXI?si=Atdxgc6oT1uFQ1-uRLBIFQ\" target=\"_blank\" rel=\"noopener noreferrer\"><span style=\"color: #ff0000;\">ENTERATE DE COMO FUNCIONA ESTA CONEXION\u00a0 BANORTE<\/span><\/a><span style=\"color: #ff0000;\"> EN TU TIENDA Y LA RAZON POR LA QUE DEBES ADQUIRIR LA MARCA MOJOMEXICO, OTRAS MARCAS NO SABEN O NO INCLUYEN LAS VERSIONES AUTORIZADAS POR BANORTE MEXICO.<\/span><\/h5>\n<blockquote><p>&nbsp;<\/p><\/blockquote>\n","protected":false},"featured_media":6772,"template":"","meta":{"saved_in_kubio":false,"_seopress_robots_primary_cat":"","_seopress_titles_title":"","_seopress_titles_desc":"","_seopress_robots_index":"","spay_email":"","jetpack_publicize_message":""},"class_list":{"0":"post-7326","1":"product","2":"type-product","3":"status-publish","4":"has-post-thumbnail","6":"product_cat-banorte-magento","7":"product_cat-conexion-bancos-mg","8":"product_cat-magento-ce","9":"product_cat-magento-ee","10":"product_tag-3d-security","11":"product_tag-cybersource","12":"product_tag-cybersource-banorte","13":"product_tag-pasarela-de-pago-banorte","14":"product_tag-payworks2","15":"product_tag-php-banorte","16":"product_tag-plugin-banorte-mojomexico","17":"product_tag-ventana-cifrada-banorte","19":"first","20":"instock","21":"virtual","22":"taxable","23":"purchasable","24":"product-type-simple"},"jetpack_publicize_connections":[],"jetpack_sharing_enabled":true,"jetpack-related-posts":[],"_links":{"self":[{"href":"https:\/\/mojomexico.company\/portal\/wp-json\/wp\/v2\/product\/7326","targetHints":{"allow":["GET"]}}],"collection":[{"href":"https:\/\/mojomexico.company\/portal\/wp-json\/wp\/v2\/product"}],"about":[{"href":"https:\/\/mojomexico.company\/portal\/wp-json\/wp\/v2\/types\/product"}],"wp:featuredmedia":[{"embeddable":true,"href":"https:\/\/mojomexico.company\/portal\/wp-json\/wp\/v2\/media\/6772"}],"wp:attachment":[{"href":"https:\/\/mojomexico.company\/portal\/wp-json\/wp\/v2\/media?parent=7326"}],"curies":[{"name":"wp","href":"https:\/\/api.w.org\/{rel}","templated":true}]}}