{"id":7508,"date":"2022-07-16T00:31:49","date_gmt":"2022-07-16T05:31:49","guid":{"rendered":"https:\/\/mojomexico.company\/portal\/?post_type=product&#038;p=7508"},"modified":"2024-01-22T05:28:11","modified_gmt":"2024-01-22T10:28:11","slug":"plugin-bajio-tiendaweb","status":"publish","type":"product","link":"https:\/\/mojomexico.company\/portal\/producto\/plugin-bajio-tiendaweb\/","title":{"rendered":"Plugin Banco Bajio Tiendaweb"},"content":{"rendered":"<p><a href=\"https:\/\/mojomexico.company\/portal\/?attachment_id=7514\" rel=\"attachment wp-att-7514\"><img alt=\"\" loading=\"lazy\" decoding=\"async\" data-attachment-id=\"7514\" data-permalink=\"https:\/\/mojomexico.company\/portal\/?attachment_id=7514\" data-orig-file=\"https:\/\/i1.wp.com\/mojomexico.company\/portal\/wp-content\/uploads\/2022\/07\/caja-bbajio2022-3.png?fit=369%2C395&amp;ssl=1\" data-orig-size=\"369,395\" data-comments-opened=\"1\" data-image-meta=\"{&quot;aperture&quot;:&quot;0&quot;,&quot;credit&quot;:&quot;&quot;,&quot;camera&quot;:&quot;&quot;,&quot;caption&quot;:&quot;&quot;,&quot;created_timestamp&quot;:&quot;0&quot;,&quot;copyright&quot;:&quot;&quot;,&quot;focal_length&quot;:&quot;0&quot;,&quot;iso&quot;:&quot;0&quot;,&quot;shutter_speed&quot;:&quot;0&quot;,&quot;title&quot;:&quot;&quot;,&quot;orientation&quot;:&quot;0&quot;}\" data-image-title=\"caja-bbajio2022-3\" data-image-description=\"\" data-medium-file=\"https:\/\/i1.wp.com\/mojomexico.company\/portal\/wp-content\/uploads\/2022\/07\/caja-bbajio2022-3.png?fit=280%2C300&amp;ssl=1\" data-large-file=\"https:\/\/i1.wp.com\/mojomexico.company\/portal\/wp-content\/uploads\/2022\/07\/caja-bbajio2022-3.png?fit=369%2C395&amp;ssl=1\" class=\"alignleft size-full wp-image-7514\" src=\"https:\/\/i1.wp.com\/mojomexico.company\/portal\/wp-content\/uploads\/2022\/07\/caja-bbajio2022-3.png?resize=369%2C395&#038;ssl=1\" alt=\"\" width=\"369\" height=\"395\" srcset=\"https:\/\/i1.wp.com\/mojomexico.company\/portal\/wp-content\/uploads\/2022\/07\/caja-bbajio2022-3.png?w=369&amp;ssl=1 369w, https:\/\/i1.wp.com\/mojomexico.company\/portal\/wp-content\/uploads\/2022\/07\/caja-bbajio2022-3.png?resize=280%2C300&amp;ssl=1 280w\" sizes=\"(max-width: 369px) 100vw, 369px\" data-recalc-dims=\"1\" \/><\/a>Extensi\u00f3n de pagos (plugin) Bancario B-BAJIO para la versi\u00f3n:<\/p>\n<p>Woocommerce desde ver 3.x\u00a0 y mayoRpara WordPress, PS hasta 1.7.x MagentoCE2 y 1 o PHP, totalmente integrada al c\u00f3digo original\u00a0 en Backoffice y FrontOffice para recibir tarjetas de cr\u00e9dito y d\u00e9bito y procesar el pago directamente a su cuenta bancaria, todo esto de forma integral e Interno en la tienda , bajo altas normas de seguridad 3D Security que marcan las instituciones bancarias.<\/p>\n<p>La pasarela de pago se integra a la lista estandar que presenta regularmente (pasos de Checkout), en caso de \u00a0que su tienda utilice una plantilla especial para este proceso de pago, la integraci\u00f3n a dicha pasarela tendr\u00e1 un costo extra al precio marcado (estimable en cada caso) por horas de servicio adaptaci\u00f3n.<\/p>\n<p><b>Que estoy comprando?<\/b><\/p>\n<p>Al comprar nuestro producto, estas adquiriendo UNA Licencia de uso de nuestro producto POR DOMINIO-TIENDA (puedes adquirir varias licencias si manejas multitiendas) desarrollado especificamente para ti.<\/p>\n<p>Solo se entregan programas compilados sin opci\u00f3n a modificar m\u00e1s que por el personal calificado de Mojomexico y solo podr\u00e1 ser usado para el dominio-tienda registrado. El descuento en multitiendas es del 35% de la segunda hasta 99 licencias.<\/p>\n<p><strong>Con \u00e9sta pasarela \u00a0puedo aceptar pagos con tarjetas Visa y Mastercard de \u00a0otros Bancos \u00f3 de cualquier Banco del Mundo?<\/strong><\/p>\n<p>SI, con una pasarela puedes aceptar TODAS las tarjetas Visa y Mastercard nacionales e internacionales, de cualquier pa\u00eds. Regularmente todas las compras que se realicen en tu tienda en otras monedas distintas a PESOS, ser\u00e1n convertidas a pesos, a menos que \u00e9ste arreglo lo fijes con tu banco.<\/p>\n<p><strong>Puedo aceptar American Express?<\/strong><\/p>\n<p>Puedes adquirir el conector AMEX especial extra en esta misma tienda.<\/p>\n<p><strong>Puedo insertar \u00a0en mi tienda plan para diferir pagos con y sin intereses a 3,6,9,12 y 18 meses?<\/strong><\/p>\n<p>puedes adquirirlos como MODULOS EXTRAS\u00a0 las extensiones a Meses Con \/ Sin interes agregando los modulos extras aqui mismo en las casillas.<\/p>\n<p>&nbsp;<\/p>\n<p><b>Tengo que pagar anualidades \u00f3 comisiones por usar su producto?<\/b><\/p>\n<p>NO, Nuestro producto no requiere anualidades ni comisiones por venta realizada, tu solo compras el producto y lo tienes de por vida para el dominio que destinaste. Todo el convenio de cobro y deposito a tu cuenta de cheques por tarjeta de cr\u00e9dito, es un arreglo de partes entre tu Banco Local y tu.<\/p>\n<p><b>C\u00f3mo es el proceso de instalaci\u00f3n?<\/b><\/p>\n<p>Nosotros te incluimos una GUIA DE CONFIGURACION creada por Mojomexico para que por tu cuenta lo instales<\/p>\n<p><b>Que garant\u00eda tengo?<\/b><\/p>\n<p>Nosotros te estamos ofreciendo UN A\u00d1O de garant\u00eda y Soporte gr\u00e1tisPOR 6 MESES ILIMITADO por cualquier falla propia de nuestro producto, pero si la falla es ajena a nuestro c\u00f3digo, ning\u00fan evento est\u00e1 protegido, a menos que quieras adquirir nuestra p\u00f3liza de soporte y protecci\u00f3n para tu sistema.<\/p>\n<p><b>C\u00f3mo puedo ordenar este producto ahora?<\/b><\/p>\n<p>carga el producto a tu carrito de compra y haz tu cierre de compra, ahi puedes escoger tu pago mediante dep\u00f3sito \u00f3 tranferencia electronica (CLABE) bancaria Mundial en tu moneda local<\/p>\n<p>Al final al confirmar tu pago, recibir\u00e1s LA FACTURA FISCAL 100% deducible de tu compra directo en tu mail.<\/p>\n<p><a href=\"https:\/\/mojomexico.company\/portal\/?attachment_id=7511\" rel=\"attachment wp-att-7511\"><img alt=\"\" loading=\"lazy\" decoding=\"async\" data-attachment-id=\"7511\" data-permalink=\"https:\/\/mojomexico.company\/portal\/?attachment_id=7511\" data-orig-file=\"https:\/\/i1.wp.com\/mojomexico.company\/portal\/wp-content\/uploads\/2022\/07\/bbajio-formapago.png?fit=965%2C599&amp;ssl=1\" data-orig-size=\"965,599\" data-comments-opened=\"1\" data-image-meta=\"{&quot;aperture&quot;:&quot;0&quot;,&quot;credit&quot;:&quot;&quot;,&quot;camera&quot;:&quot;&quot;,&quot;caption&quot;:&quot;&quot;,&quot;created_timestamp&quot;:&quot;0&quot;,&quot;copyright&quot;:&quot;&quot;,&quot;focal_length&quot;:&quot;0&quot;,&quot;iso&quot;:&quot;0&quot;,&quot;shutter_speed&quot;:&quot;0&quot;,&quot;title&quot;:&quot;&quot;,&quot;orientation&quot;:&quot;0&quot;}\" data-image-title=\"bbajio-formapago\" data-image-description=\"\" data-medium-file=\"https:\/\/i1.wp.com\/mojomexico.company\/portal\/wp-content\/uploads\/2022\/07\/bbajio-formapago.png?fit=300%2C186&amp;ssl=1\" data-large-file=\"https:\/\/i1.wp.com\/mojomexico.company\/portal\/wp-content\/uploads\/2022\/07\/bbajio-formapago.png?fit=965%2C599&amp;ssl=1\" class=\"alignleft size-full wp-image-7511\" src=\"https:\/\/i1.wp.com\/mojomexico.company\/portal\/wp-content\/uploads\/2022\/07\/bbajio-formapago.png?resize=965%2C599&#038;ssl=1\" alt=\"\" width=\"965\" height=\"599\" srcset=\"https:\/\/i1.wp.com\/mojomexico.company\/portal\/wp-content\/uploads\/2022\/07\/bbajio-formapago.png?w=965&amp;ssl=1 965w, https:\/\/i1.wp.com\/mojomexico.company\/portal\/wp-content\/uploads\/2022\/07\/bbajio-formapago.png?resize=300%2C186&amp;ssl=1 300w, https:\/\/i1.wp.com\/mojomexico.company\/portal\/wp-content\/uploads\/2022\/07\/bbajio-formapago.png?resize=768%2C477&amp;ssl=1 768w, https:\/\/i1.wp.com\/mojomexico.company\/portal\/wp-content\/uploads\/2022\/07\/bbajio-formapago.png?resize=600%2C372&amp;ssl=1 600w, https:\/\/i1.wp.com\/mojomexico.company\/portal\/wp-content\/uploads\/2022\/07\/bbajio-formapago.png?resize=500%2C310&amp;ssl=1 500w\" sizes=\"(max-width: 965px) 100vw, 965px\" data-recalc-dims=\"1\" \/><\/a><code><\/code><\/p>\n","protected":false},"excerpt":{"rendered":"<p><a href=\"https:\/\/mojomexico.company\/portal\/?attachment_id=7514\" rel=\"attachment wp-att-7514\"><img alt=\"\" loading=\"lazy\" decoding=\"async\" class=\"alignleft size-full wp-image-7514\" src=\"https:\/\/mojomexico.company\/portal\/wp-content\/uploads\/2022\/07\/caja-bbajio2022-3.png\" alt=\"\" width=\"369\" height=\"395\" srcset=\"https:\/\/i1.wp.com\/mojomexico.company\/portal\/wp-content\/uploads\/2022\/07\/caja-bbajio2022-3.png?w=369&amp;ssl=1 369w, https:\/\/i1.wp.com\/mojomexico.company\/portal\/wp-content\/uploads\/2022\/07\/caja-bbajio2022-3.png?resize=280%2C300&amp;ssl=1 280w\" sizes=\"(max-width: 369px) 100vw, 369px\" \/><\/a>Plugin Bancario BBAJIO para l tiendas Wweb a escoger\u00a0 en\u00a0 en el precio incluye\u00a0 UNA GUIA DE CONFIGURACION completa para que lo instales facilmente por tu cuenta, y SOPORTE GRATIS ilimitado pof 6meses, Se sugiere adquirir la POLIZA ANUAL para cualquier cambio o ajuste futuro bancario o de version de tienda, El Producto se vende como Licencia Personal para una tienda-un dominio y solo se entregan programas compilados sin opcion a ser modificados. La Licencia te da derecho al uso y goze de nuestra conexion sin pago de anualidades solo para el dominio-tienda registrado. Revisa nuestro Contrato de Software aqui mismo disponible al Publico siempre en esta tienda web.<\/p>\n","protected":false},"featured_media":7514,"template":"","meta":{"saved_in_kubio":false,"_seopress_robots_primary_cat":"","_seopress_titles_title":"","_seopress_titles_desc":"","_seopress_robots_index":"","spay_email":"","jetpack_publicize_message":""},"class_list":{"0":"post-7508","1":"product","2":"type-product","3":"status-publish","4":"has-post-thumbnail","6":"product_cat-woocommerce-wordpress","7":"product_cat-prestashop","8":"product_cat-php-laravel","9":"product_tag-carnet-woocommerce","10":"product_tag-prosa-magento","11":"product_tag-prosa-mojomexico","12":"product_tag-prosa-woocommerce","13":"product_tag-visa-woocommerce","14":"product_shipping_class-s-remoto","16":"first","17":"instock","18":"virtual","19":"taxable","20":"purchasable","21":"product-type-simple"},"jetpack_publicize_connections":[],"jetpack_sharing_enabled":true,"jetpack-related-posts":[],"_links":{"self":[{"href":"https:\/\/mojomexico.company\/portal\/wp-json\/wp\/v2\/product\/7508","targetHints":{"allow":["GET"]}}],"collection":[{"href":"https:\/\/mojomexico.company\/portal\/wp-json\/wp\/v2\/product"}],"about":[{"href":"https:\/\/mojomexico.company\/portal\/wp-json\/wp\/v2\/types\/product"}],"wp:featuredmedia":[{"embeddable":true,"href":"https:\/\/mojomexico.company\/portal\/wp-json\/wp\/v2\/media\/7514"}],"wp:attachment":[{"href":"https:\/\/mojomexico.company\/portal\/wp-json\/wp\/v2\/media?parent=7508"}],"curies":[{"name":"wp","href":"https:\/\/api.w.org\/{rel}","templated":true}]}}