{"id":7753,"date":"2023-03-30T16:50:32","date_gmt":"2023-03-30T21:50:32","guid":{"rendered":"https:\/\/mojomexico.company\/portal\/?post_type=product&#038;p=7753"},"modified":"2023-07-18T13:14:47","modified_gmt":"2023-07-18T18:14:47","slug":"sco-unix-soporte-y-desarrollo","status":"publish","type":"product","link":"https:\/\/mojomexico.company\/portal\/producto\/sco-unix-soporte-y-desarrollo\/","title":{"rendered":"SCO Unix soporte y desarrollo"},"content":{"rendered":"<p><a href=\"https:\/\/mojomexico.company\/portal\/?attachment_id=7833\" rel=\"attachment wp-att-7833\"><img alt=\"\" loading=\"lazy\" decoding=\"async\" data-attachment-id=\"7833\" data-permalink=\"https:\/\/mojomexico.company\/portal\/?attachment_id=7833\" data-orig-file=\"https:\/\/i2.wp.com\/mojomexico.company\/portal\/wp-content\/uploads\/2023\/03\/erpweb-promo1.png?fit=502%2C576&amp;ssl=1\" data-orig-size=\"502,576\" data-comments-opened=\"1\" data-image-meta=\"{&quot;aperture&quot;:&quot;0&quot;,&quot;credit&quot;:&quot;&quot;,&quot;camera&quot;:&quot;&quot;,&quot;caption&quot;:&quot;&quot;,&quot;created_timestamp&quot;:&quot;0&quot;,&quot;copyright&quot;:&quot;&quot;,&quot;focal_length&quot;:&quot;0&quot;,&quot;iso&quot;:&quot;0&quot;,&quot;shutter_speed&quot;:&quot;0&quot;,&quot;title&quot;:&quot;&quot;,&quot;orientation&quot;:&quot;0&quot;}\" data-image-title=\"erpweb-promo1\" data-image-description=\"\" data-medium-file=\"https:\/\/i2.wp.com\/mojomexico.company\/portal\/wp-content\/uploads\/2023\/03\/erpweb-promo1.png?fit=261%2C300&amp;ssl=1\" data-large-file=\"https:\/\/i2.wp.com\/mojomexico.company\/portal\/wp-content\/uploads\/2023\/03\/erpweb-promo1.png?fit=502%2C576&amp;ssl=1\" class=\"alignleft size-thumbnail wp-image-7833\" src=\"https:\/\/i2.wp.com\/mojomexico.company\/portal\/wp-content\/uploads\/2023\/03\/erpweb-promo1.png?resize=150%2C150&#038;ssl=1\" alt=\"\" width=\"150\" height=\"150\" srcset=\"https:\/\/i2.wp.com\/mojomexico.company\/portal\/wp-content\/uploads\/2023\/03\/erpweb-promo1.png?resize=150%2C150&amp;ssl=1 150w, https:\/\/i2.wp.com\/mojomexico.company\/portal\/wp-content\/uploads\/2023\/03\/erpweb-promo1.png?resize=100%2C100&amp;ssl=1 100w, https:\/\/i2.wp.com\/mojomexico.company\/portal\/wp-content\/uploads\/2023\/03\/erpweb-promo1.png?zoom=2&amp;resize=150%2C150&amp;ssl=1 300w, https:\/\/i2.wp.com\/mojomexico.company\/portal\/wp-content\/uploads\/2023\/03\/erpweb-promo1.png?zoom=3&amp;resize=150%2C150&amp;ssl=1 450w\" sizes=\"(max-width: 150px) 100vw, 150px\" data-recalc-dims=\"1\" \/><\/a>Desarrollos de correcciones, conexiones y mejoras a las aplicaciones ERP, BASES DE DATOS Y Sistemas de Gestion, Comunicacion, Impresoras Remotas y acciones relacionadas con el correcto funcionamiento de apliaciones y conexiones remotas con el sistema operativo SCO Unix.Los detalles estan aqui.<\/p>\n<p>Conoce los m\u00e1s de 3MIL clientes que hemos atendido y los casos de \u00e9xito mas destacados por 20 a\u00f1os como l\u00edderes de Soporte y Rescate SCO que brindamos bajo la marca \u00abADPROCON UNIX ALL\u00bb haz clic en el LA LIGA para ir a nuestro sitio especial de servicio SCO Unix:<\/p>\n<p><a href=\"https:\/\/sco-mexico.sergioromo.com.mx\" target=\"_blank\" rel=\"noopener noreferrer\">Clic AQUI para ver Historial de Servicio como L\u00edderes en M\u00e9xico de SCO Unix<\/a><\/p>\n","protected":false},"excerpt":{"rendered":"<p><a href=\"https:\/\/mojomexico.company\/portal\/?attachment_id=7795\" rel=\"attachment wp-att-7795\"><img alt=\"\" loading=\"lazy\" decoding=\"async\" class=\"alignleft size-thumbnail wp-image-7795\" src=\"https:\/\/mojomexico.company\/portal\/wp-content\/uploads\/2017\/02\/mojomexico-sco700-b-150x150.png\" alt=\"\" width=\"150\" height=\"150\" srcset=\"https:\/\/i2.wp.com\/mojomexico.company\/portal\/wp-content\/uploads\/2017\/02\/mojomexico-sco700-b.png?resize=150%2C150&amp;ssl=1 150w, https:\/\/i2.wp.com\/mojomexico.company\/portal\/wp-content\/uploads\/2017\/02\/mojomexico-sco700-b.png?resize=100%2C100&amp;ssl=1 100w, https:\/\/i2.wp.com\/mojomexico.company\/portal\/wp-content\/uploads\/2017\/02\/mojomexico-sco700-b.png?zoom=2&amp;resize=150%2C150&amp;ssl=1 300w, https:\/\/i2.wp.com\/mojomexico.company\/portal\/wp-content\/uploads\/2017\/02\/mojomexico-sco700-b.png?zoom=3&amp;resize=150%2C150&amp;ssl=1 450w\" sizes=\"(max-width: 150px) 100vw, 150px\" \/><\/a>Desarrollos de correcciones, conexiones y mejoras a las aplicaciones ERP, BASES DE DATOS Y Sistemas de Gestion, Comunicacion, Impresoras Remotas y acciones relacionadas con el correcto funcionamiento de apliaciones y conexiones remotas con el sistema operativo SCO Unix.Los detalles estan aqui.<\/p>\n","protected":false},"featured_media":7833,"template":"","meta":{"saved_in_kubio":false,"_seopress_robots_primary_cat":"","_seopress_titles_title":"","_seopress_titles_desc":"","_seopress_robots_index":"","spay_email":"","jetpack_publicize_message":""},"class_list":{"0":"post-7753","1":"product","2":"type-product","3":"status-publish","4":"has-post-thumbnail","6":"product_cat-sco-unix-linux","7":"product_cat-soporte-tecnico-horas-de-programacion","9":"first","10":"instock","11":"virtual","12":"taxable","13":"purchasable","14":"product-type-simple"},"jetpack_publicize_connections":[],"jetpack_sharing_enabled":true,"jetpack-related-posts":[],"_links":{"self":[{"href":"https:\/\/mojomexico.company\/portal\/wp-json\/wp\/v2\/product\/7753","targetHints":{"allow":["GET"]}}],"collection":[{"href":"https:\/\/mojomexico.company\/portal\/wp-json\/wp\/v2\/product"}],"about":[{"href":"https:\/\/mojomexico.company\/portal\/wp-json\/wp\/v2\/types\/product"}],"wp:featuredmedia":[{"embeddable":true,"href":"https:\/\/mojomexico.company\/portal\/wp-json\/wp\/v2\/media\/7833"}],"wp:attachment":[{"href":"https:\/\/mojomexico.company\/portal\/wp-json\/wp\/v2\/media?parent=7753"}],"curies":[{"name":"wp","href":"https:\/\/api.w.org\/{rel}","templated":true}]}}