{"id":7885,"date":"2023-10-10T03:56:34","date_gmt":"2023-10-10T08:56:34","guid":{"rendered":"https:\/\/mojomexico.company\/portal\/?post_type=product&#038;p=7885"},"modified":"2026-02-10T23:01:28","modified_gmt":"2026-02-11T05:01:28","slug":"api-marketplace-sync","status":"publish","type":"product","link":"https:\/\/mojomexico.company\/portal\/producto\/api-marketplace-sync\/","title":{"rendered":"API Marketplace SYNC"},"content":{"rendered":"<p style=\"text-align: left;\"><a href=\"https:\/\/mojomexico.company\/portal\/?attachment_id=7886\" rel=\"attachment wp-att-7886\"><img alt=\"\" loading=\"lazy\" decoding=\"async\" data-attachment-id=\"7886\" data-permalink=\"https:\/\/mojomexico.company\/portal\/?attachment_id=7886\" data-orig-file=\"https:\/\/i2.wp.com\/mojomexico.company\/portal\/wp-content\/uploads\/2023\/10\/caja-marketplace.png?fit=369%2C395&amp;ssl=1\" data-orig-size=\"369,395\" data-comments-opened=\"1\" data-image-meta=\"{&quot;aperture&quot;:&quot;0&quot;,&quot;credit&quot;:&quot;&quot;,&quot;camera&quot;:&quot;&quot;,&quot;caption&quot;:&quot;&quot;,&quot;created_timestamp&quot;:&quot;0&quot;,&quot;copyright&quot;:&quot;&quot;,&quot;focal_length&quot;:&quot;0&quot;,&quot;iso&quot;:&quot;0&quot;,&quot;shutter_speed&quot;:&quot;0&quot;,&quot;title&quot;:&quot;&quot;,&quot;orientation&quot;:&quot;0&quot;}\" data-image-title=\"caja-marketplace\" data-image-description=\"\" data-medium-file=\"https:\/\/i2.wp.com\/mojomexico.company\/portal\/wp-content\/uploads\/2023\/10\/caja-marketplace.png?fit=280%2C300&amp;ssl=1\" data-large-file=\"https:\/\/i2.wp.com\/mojomexico.company\/portal\/wp-content\/uploads\/2023\/10\/caja-marketplace.png?fit=369%2C395&amp;ssl=1\" class=\"size-full wp-image-7886 alignleft\" src=\"https:\/\/i2.wp.com\/mojomexico.company\/portal\/wp-content\/uploads\/2023\/10\/caja-marketplace.png?resize=369%2C395&#038;ssl=1\" alt=\"\" width=\"369\" height=\"395\" srcset=\"https:\/\/i2.wp.com\/mojomexico.company\/portal\/wp-content\/uploads\/2023\/10\/caja-marketplace.png?w=369&amp;ssl=1 369w, https:\/\/i2.wp.com\/mojomexico.company\/portal\/wp-content\/uploads\/2023\/10\/caja-marketplace.png?resize=280%2C300&amp;ssl=1 280w\" sizes=\"(max-width: 369px) 100vw, 369px\" data-recalc-dims=\"1\" \/><\/a>Plugin desarrollado por Mojomexico para la Generaci\u00f3n de Archivos (TXT, CVS, Exel, XML&#8230;) para activar, actualizar, y dar de baja tus productos Publicados en los MarketPlace: amazon, waltmart, mercadolibre, linio, claro video o uno especial que solicites. Para tiendas Web Profesionales de la marca: WP Woocommerce, Magento2, Prestashop , Shopify o pide una especial nosotros te la desarrollamos.<\/p>\n<p style=\"text-align: left;\">Siempre estamos trabajando para ir agregando mas soluciones que potencian tu sitio web<\/p>\n<h4>Al comprar 2 \u00f3 m\u00e1s API-Mayorista deComputaci\u00f3n o de la misma categoria , te DAMOS GR\u00c1TIS ESTA API SYNC. o puedes comprarla independiente.<\/h4>\n<p>&nbsp;<\/p>\n<ul>\n<li>\n<h3><a href=\"https:\/\/www.youtube.com\/c\/Prestashop-mx\/videos\">VER VIDEO DEMO EN YOUTUBE<\/a><\/h3>\n<\/li>\n<\/ul>\n<h3><\/h3>\n<p><a href=\"https:\/\/mojomexico.company\/portal\/?attachment_id=7887\" rel=\"attachment wp-att-7887\"><img alt=\"\" loading=\"lazy\" decoding=\"async\" data-attachment-id=\"7887\" data-permalink=\"https:\/\/mojomexico.company\/portal\/?attachment_id=7887\" data-orig-file=\"https:\/\/i1.wp.com\/mojomexico.company\/portal\/wp-content\/uploads\/2023\/10\/market-sync-panel.png?fit=857%2C342&amp;ssl=1\" data-orig-size=\"857,342\" data-comments-opened=\"1\" data-image-meta=\"{&quot;aperture&quot;:&quot;0&quot;,&quot;credit&quot;:&quot;&quot;,&quot;camera&quot;:&quot;&quot;,&quot;caption&quot;:&quot;&quot;,&quot;created_timestamp&quot;:&quot;0&quot;,&quot;copyright&quot;:&quot;&quot;,&quot;focal_length&quot;:&quot;0&quot;,&quot;iso&quot;:&quot;0&quot;,&quot;shutter_speed&quot;:&quot;0&quot;,&quot;title&quot;:&quot;&quot;,&quot;orientation&quot;:&quot;0&quot;}\" data-image-title=\"market-sync-panel\" data-image-description=\"\" data-medium-file=\"https:\/\/i1.wp.com\/mojomexico.company\/portal\/wp-content\/uploads\/2023\/10\/market-sync-panel.png?fit=300%2C120&amp;ssl=1\" data-large-file=\"https:\/\/i1.wp.com\/mojomexico.company\/portal\/wp-content\/uploads\/2023\/10\/market-sync-panel.png?fit=857%2C342&amp;ssl=1\" class=\"aligncenter size-full wp-image-7887\" src=\"https:\/\/i1.wp.com\/mojomexico.company\/portal\/wp-content\/uploads\/2023\/10\/market-sync-panel.png?resize=857%2C342&#038;ssl=1\" alt=\"\" width=\"857\" height=\"342\" srcset=\"https:\/\/i1.wp.com\/mojomexico.company\/portal\/wp-content\/uploads\/2023\/10\/market-sync-panel.png?w=857&amp;ssl=1 857w, https:\/\/i1.wp.com\/mojomexico.company\/portal\/wp-content\/uploads\/2023\/10\/market-sync-panel.png?resize=300%2C120&amp;ssl=1 300w, https:\/\/i1.wp.com\/mojomexico.company\/portal\/wp-content\/uploads\/2023\/10\/market-sync-panel.png?resize=768%2C306&amp;ssl=1 768w, https:\/\/i1.wp.com\/mojomexico.company\/portal\/wp-content\/uploads\/2023\/10\/market-sync-panel.png?resize=600%2C239&amp;ssl=1 600w, https:\/\/i1.wp.com\/mojomexico.company\/portal\/wp-content\/uploads\/2023\/10\/market-sync-panel.png?resize=500%2C200&amp;ssl=1 500w\" sizes=\"(max-width: 857px) 100vw, 857px\" data-recalc-dims=\"1\" \/><\/a><\/p>\n<p><strong>Que estoy comprando?<\/strong><\/p>\n<p>Al comprar nuestro producto, estas adquiriendo el derecho de uso de nuestro producto por dominio-tienda en forma de Una Licencia (puede adquirir varias licencias si manejas multitiendas) solo para el dominio \u00f3 dominios que registras en tu compra. Solo se entregan programas compilados sin opci\u00f3n a modificar m\u00e1s que por el personal calificado de Mojomexico y solo podr\u00e1 ser usado para el dominio-tienda registrado. El descuento en multitiendas es del 35% de la segunda hasta 99 licencias.<\/p>\n<p><strong>Qu\u00e9 pasa si la tienda o WP Woocommerc cambian de versi\u00f3n ?<\/strong><\/p>\n<p>Nuestro conector est\u00e1 fabricado bajo los est\u00e1ndares de Calidad para ser compatible con todas las versiones de los motores cms pero siempre existe una posibilidad de que se presente una imcompatiblidad futural.<\/p>\n<p>En ciertas versiones sobre todo de Presashop existens BUGS de errores sobre todo se notan cuando se aplican acciones Mayores de Conectividad o tambi\u00e9n por Falta de Capacidad de Su Servicio Hosting (los paquetes compartidos de servicio Hosting NO son recomendables para \u00e9stas accioens especiales de servicio, deben ser VPS minimo o Server Dedicado).<\/p>\n<p><strong> Tengo que pagar anualidades \u00f3 comisiones por usar su producto?<\/strong><\/p>\n<p><span style=\"font-size: 1.2rem;\"><strong>Es opcional pero sino lo pagas el siguiente a\u00f1o no se detiene, pero en caso de ajustes por versiones en syscom como en WP Woocommerce tendras que pagar el costo regular por ajustes a programas.<br \/>\n<\/strong><\/span><\/p>\n<p><strong style=\"font-size: 1.2rem;\">C\u00f3mo es el proceso de instalaci\u00f3n?<\/strong><\/p>\n<p>Vas a poder descarga tu ZIP personalizado que te entregaremos despues de hacer la compra y se te entrega una guia de instalacion f\u00e1cil. o puedes contratar el servicio de instalacion extra aqui mismo.<\/p>\n<p><strong> Que garant\u00eda tengo?<\/strong><\/p>\n<p>Nosotros te estamos ofreciendo UN A\u00d1O de garant\u00eda y soporte gr\u00e1tis por cualquier falla propia de nuestro producto, pero si la falla es ajena a nuestro c\u00f3digo, ning\u00fan evento est\u00e1 protegido, a menos que quieras adquirir nuestra p\u00f3liza de soporte y protecci\u00f3n para tu sistema.<\/p>\n<p><strong> C\u00f3mo puedo ordenar este producto ahora?<\/strong><\/p>\n<p>carga en carrito y sigue las instrucciones que ahi se muestran, Siempre Expedimos FACTURA FISCAL 100% deducible en tu compra.<\/p>\n<h2>Quieres verlo funcionando? Claro! tenemos en VIVO la Demo de \u00e9sta conexi\u00f3n y otras aqui,<a href=\"https:\/\/cva.mojomexico.net\" target=\"_blank\" rel=\"noopener noreferrer\"> s\u00f3lo haz clic para ir a ver.<\/a><\/h2>\n<p>&nbsp;<\/p>\n","protected":false},"excerpt":{"rendered":"<p><a href=\"https:\/\/mojomexico.company\/portal\/?attachment_id=7886\" rel=\"attachment wp-att-7886\"><img alt=\"\" loading=\"lazy\" decoding=\"async\" class=\"wp-image-7886 alignleft\" src=\"https:\/\/mojomexico.company\/portal\/wp-content\/uploads\/2023\/10\/caja-marketplace.png\" alt=\"\" width=\"236\" height=\"253\" srcset=\"https:\/\/i2.wp.com\/mojomexico.company\/portal\/wp-content\/uploads\/2023\/10\/caja-marketplace.png?w=369&amp;ssl=1 369w, https:\/\/i2.wp.com\/mojomexico.company\/portal\/wp-content\/uploads\/2023\/10\/caja-marketplace.png?resize=280%2C300&amp;ssl=1 280w\" sizes=\"(max-width: 236px) 100vw, 236px\" \/><\/a>Plugin desarrollado por Mojomexico para la Generaci\u00f3n de Archivos (TXT, CVS, Exel, XML&#8230;) para activar, actualizar, y dar de baja tus productos Publicados en los MarketPlace: amazon, waltmart, mercadolibre, linio, claro video o uno especial que solicites. Para tiendas Web Profesionales de la marca: WP Woocommerce, Magento2, Prestashop , Shopify o pide una especial nosotros te la desarrollamos.<\/p>\n<h4>Al comprar 2 \u00f3 m\u00e1s API-Mayorista deComputaci\u00f3n o de la misma categoria , te DAMOS GR\u00c1TIS ESTA API SYNC. o puedes comprarla independiente.<\/h4>\n<p>&nbsp;<\/p>\n","protected":false},"featured_media":7886,"template":"","meta":{"saved_in_kubio":false,"_seopress_robots_primary_cat":"","_seopress_titles_title":"","_seopress_titles_desc":"","_seopress_robots_index":"","spay_email":"","jetpack_publicize_message":""},"class_list":{"0":"post-7885","1":"product","2":"type-product","3":"status-publish","4":"has-post-thumbnail","6":"product_cat-api-marketplace","7":"product_cat-conexion-webservice-erp","8":"product_cat-conexion-webservice-erp-mg","9":"product_cat-conexion-webservice-erp-ps","10":"product_cat-ios-android-app","11":"product_cat-joomla-eshop","12":"product_cat-magento2-ce","13":"product_cat-php-laravel","14":"product_cat-prestashop","15":"product_cat-promocionexpress","16":"product_cat-woocommerce-wordpress","17":"product_tag-cva-drupal","18":"product_tag-cva-joomla","19":"product_tag-cva-opencart","20":"product_tag-cva-prestashop","21":"product_tag-cva-woocommerce","22":"product_tag-syscom-woocommerce","23":"product_tag-webservice-prestashop","25":"first","26":"instock","27":"featured","28":"virtual","29":"taxable","30":"purchasable","31":"product-type-simple"},"jetpack_publicize_connections":[],"jetpack_sharing_enabled":true,"jetpack-related-posts":[],"_links":{"self":[{"href":"https:\/\/mojomexico.company\/portal\/wp-json\/wp\/v2\/product\/7885","targetHints":{"allow":["GET"]}}],"collection":[{"href":"https:\/\/mojomexico.company\/portal\/wp-json\/wp\/v2\/product"}],"about":[{"href":"https:\/\/mojomexico.company\/portal\/wp-json\/wp\/v2\/types\/product"}],"wp:featuredmedia":[{"embeddable":true,"href":"https:\/\/mojomexico.company\/portal\/wp-json\/wp\/v2\/media\/7886"}],"wp:attachment":[{"href":"https:\/\/mojomexico.company\/portal\/wp-json\/wp\/v2\/media?parent=7885"}],"curies":[{"name":"wp","href":"https:\/\/api.w.org\/{rel}","templated":true}]}}