{"id":7920,"date":"2023-12-07T23:45:04","date_gmt":"2023-12-08T04:45:04","guid":{"rendered":"https:\/\/mojomexico.company\/portal\/?post_type=product&#038;p=7920"},"modified":"2025-08-06T05:00:25","modified_gmt":"2025-08-06T11:00:25","slug":"app-bbva-api","status":"publish","type":"product","link":"https:\/\/mojomexico.company\/portal\/producto\/app-bbva-api\/","title":{"rendered":"APP BBVA API"},"content":{"rendered":"<p>&nbsp;<\/p>\n<p><a href=\"https:\/\/mojomexico.company\/portal\/?attachment_id=7921\" rel=\"attachment wp-att-7921\"><img alt=\"\" loading=\"lazy\" decoding=\"async\" data-attachment-id=\"7921\" data-permalink=\"https:\/\/mojomexico.company\/portal\/?attachment_id=7921\" data-orig-file=\"https:\/\/i1.wp.com\/mojomexico.company\/portal\/wp-content\/uploads\/2023\/12\/caja-app-bbva-api.png?fit=369%2C395&amp;ssl=1\" data-orig-size=\"369,395\" data-comments-opened=\"1\" data-image-meta=\"{&quot;aperture&quot;:&quot;0&quot;,&quot;credit&quot;:&quot;&quot;,&quot;camera&quot;:&quot;&quot;,&quot;caption&quot;:&quot;&quot;,&quot;created_timestamp&quot;:&quot;0&quot;,&quot;copyright&quot;:&quot;&quot;,&quot;focal_length&quot;:&quot;0&quot;,&quot;iso&quot;:&quot;0&quot;,&quot;shutter_speed&quot;:&quot;0&quot;,&quot;title&quot;:&quot;&quot;,&quot;orientation&quot;:&quot;0&quot;}\" data-image-title=\"caja-app-bbva-api\" data-image-description=\"\" data-medium-file=\"https:\/\/i1.wp.com\/mojomexico.company\/portal\/wp-content\/uploads\/2023\/12\/caja-app-bbva-api.png?fit=280%2C300&amp;ssl=1\" data-large-file=\"https:\/\/i1.wp.com\/mojomexico.company\/portal\/wp-content\/uploads\/2023\/12\/caja-app-bbva-api.png?fit=369%2C395&amp;ssl=1\" class=\"size-full wp-image-7921 alignleft\" src=\"https:\/\/i1.wp.com\/mojomexico.company\/portal\/wp-content\/uploads\/2023\/12\/caja-app-bbva-api.png?resize=369%2C395&#038;ssl=1\" alt=\"\" width=\"369\" height=\"395\" srcset=\"https:\/\/i1.wp.com\/mojomexico.company\/portal\/wp-content\/uploads\/2023\/12\/caja-app-bbva-api.png?w=369&amp;ssl=1 369w, https:\/\/i1.wp.com\/mojomexico.company\/portal\/wp-content\/uploads\/2023\/12\/caja-app-bbva-api.png?resize=280%2C300&amp;ssl=1 280w\" sizes=\"(max-width: 369px) 100vw, 369px\" data-recalc-dims=\"1\" \/><\/a>APP BBVA Gestion Bancaria :<\/p>\n<div>1.- Desarrollar una APP utilizando las librer\u00edas de Node.js y Express.<\/div>\n<div>2.- La API a desarrollar deber\u00e1 hacer HTTPS y HTTP requests a la API de \u00abBusiness Payments\u00bb de BBVA de M\u00e9xico; el cliente proporcionar\u00e9 el certificado SSL.<\/div>\n<div>3.- Los requests que har\u00e1\u00a0la API a desarrollar son para 2 cosas:<\/div>\n<div>1)Recibir notificaciones de la API de BBVA cada vez que se reciba una transferencia SPEI en la cuenta bancaria empresarial que tenemos en BBVA, en el payload de la notificaci\u00f3n vendr\u00e1 entre otros datos una referencia num\u00e9rica\u00a0que nos permite identificar qui\u00e9n hizo el pago, importe de la transferencia, descripcion\u00a0del articulo que se esta\u00a0pagando, titular de la cuenta que hizo la transferencia; y<\/div>\n<div>2)Solicitar a la API de BBVA que haga una transferencia SPEI a cuentas bancarias de nuestros clientes, estas cuentas pueden estar en BBVA o en otros bancos, el payload de esta solicitud contiene el importe de la transferencia, el banco de la cuenta destino, el n\u00famero\u00a0de cuenta destino (CLABE) y la referencia num\u00e9rica<\/div>\n<div>4.- La API deber\u00e1\u00a0ser capaz de escribir a y extraer informaci\u00f3n proveniente de una base de datos MySQL para construir los payloads necesarios para los 2 tipos de requests mencionados en el punto anterior.<\/div>\n<div>5.- La API debe tener la capacidad de operar altos vol\u00famenes de requests alrededor de 20,000 requests diarios y funcionar desde un servidor virtual (VPS server, el costo de la renta es extra segun el plan a escoger).<\/div>\n<div>6. Como medidas de seguridad la API debe autenticar todos los requests con tecnolog\u00eda JWT (JSON Web Tokens) y tambi\u00e9n incluir COORS para solo aceptar requests de dominios autorizados.<\/div>\n<div>7.- La API en cada uno de sus endpoints y rutas debe tener manejo de errores y mensajes estructurados para los tipos de errores para evitar que la API se caiga cuando haya un error.<\/div>\n<p><b>Que estoy comprando?<\/b><\/p>\n<p>Al comprar nuestro producto, estas adquiriendo el derecho de uso de nuestro producto por dominio (puedes adquirir varias licencias si manejas multitiendas) solo para el dominio \u00f3 dominios que registras en tu compra.<\/p>\n<p>Solo se entregan programas compilados sin opci\u00f3n a modificar m\u00e1s que por el personal calificado de Mojomexico y solo podr\u00e1 ser usado para el dominio-tienda registrado. El descuento en multitiendas es del 35% de la segunda hasta 99 licencias.<\/p>\n<p><strong>Con \u00e9sta pasarela \u00a0puedo aceptar pagos con tarjetas Visa y Mastercard de \u00a0otros Bancos \u00f3 de cualquier Banco del Mundo?<\/strong><\/p>\n<p>SI, con una pasarela puedes aceptar TODAS las tarjetas Visa y Mastercard nacionales e internacionales, de cualquier pa\u00eds. Regularmente todas las compras que se realicen en tu tienda en otras monedas distintas a PESOS, ser\u00e1n convertidas a pesos, a menos que \u00e9ste arreglo lo fijes con tu banco.<\/p>\n<p><b>Tengo que pagar anualidades \u00f3 comisiones por usar su producto?<\/b><\/p>\n<p>No, Nuestro producto no requiere anualidades ni comisiones por venta realizada, tu solo compras el producto y lo tienes de por vida para el dominio que destinaste. Todo el convenio de cobro y deposito a tu cuenta de cheques por tarjeta de cr\u00e9dito, es un arreglo de partes entre tu Banco Local y tu.<\/p>\n<p><b>C\u00f3mo es el proceso de instalaci\u00f3n?<\/b><\/p>\n<p>Nosotros te incluimos en el precio, la instalaci\u00f3n y sincronizaci\u00f3n al 100% via Remota (tu tienda tiene que estar en la nube internet), t\u00fa solo te preocupas en hacer la compra y nosotros nos encargamos de la instalaci\u00f3n, en donde se programa y se fija una vez consolidado tu pago, en un periodo m\u00e1ximo de 3 a 7 dias.<\/p>\n<p><b>Que garant\u00eda tengo?<\/b><\/p>\n<p>Nosotros te estamos ofreciendo UN A\u00d1O de garant\u00eda y soporte gr\u00e1tis por cualquier falla propia de nuestro producto, pero si la falla es ajena a nuestro c\u00f3digo, ning\u00fan evento est\u00e1 protegido, a menos que quieras adquirir nuestra p\u00f3liza de soporte y protecci\u00f3n para tu sistema.<\/p>\n<p><b>C\u00f3mo puedo ordenar este producto ahora?<\/b><\/p>\n<p>carga el producto a tu carrito de compra y haz tu cierre de compra, puedes pagar con\u00a0 dep\u00f3sito \u00f3 transferencia electronica (CLABE) bancaria Mundial en tu moneda local. Posterior a tu pago recibir\u00e1s la Factura Fiscal 100% deducible bajo el SAT Mexico.<\/p>\n","protected":false},"excerpt":{"rendered":"<p><a href=\"https:\/\/mojomexico.company\/portal\/?attachment_id=7921\" rel=\"attachment wp-att-7921\"><img alt=\"\" loading=\"lazy\" decoding=\"async\" class=\" wp-image-7921 alignleft\" src=\"https:\/\/mojomexico.company\/portal\/wp-content\/uploads\/2023\/12\/caja-app-bbva-api.png\" alt=\"\" width=\"208\" height=\"222\" srcset=\"https:\/\/i1.wp.com\/mojomexico.company\/portal\/wp-content\/uploads\/2023\/12\/caja-app-bbva-api.png?w=369&amp;ssl=1 369w, https:\/\/i1.wp.com\/mojomexico.company\/portal\/wp-content\/uploads\/2023\/12\/caja-app-bbva-api.png?resize=280%2C300&amp;ssl=1 280w\" sizes=\"(max-width: 208px) 100vw, 208px\" \/><\/a><\/p>\n<p>APP BBVA Gestion Bancaria :<\/p>\n<div>1.- Desarrollar una APP utilizando las librer\u00edas de Node.js y Express.<\/div>\n<div>2.- La API a desarrollar deber\u00e1 hacer HTTPS y HTTP requests a la API de \u00abBusiness Payments\u00bb de BBVA de M\u00e9xico; el cliente proporcionar\u00e9 el certificado SSL.<\/div>\n<div>3.- Los requests que har\u00e1\u00a0la API a desarrollar son para 2 cosas:<\/div>\n<div>1)Recibir notificaciones de la API de BBVA cada vez que se reciba una transferencia SPEI en la cuenta bancaria empresarial que tenemos en BBVA, en el payload de la notificaci\u00f3n vendr\u00e1 entre otros datos una referencia num\u00e9rica\u00a0que nos permite identificar qui\u00e9n hizo el pago, importe de la transferencia, descripcion\u00a0del articulo que se esta\u00a0pagando, titular de la cuenta que hizo la transferencia; y<\/div>\n<div>2)Solicitar a la API de BBVA que haga una transferencia SPEI a cuentas bancarias de nuestros clientes, estas cuentas pueden estar en BBVA o en otros bancos, el payload de esta solicitud contiene el importe de la transferencia, el banco de la cuenta destino, el n\u00famero\u00a0de cuenta destino (CLABE) y la referencia num\u00e9rica<\/div>\n<div>4.- La API deber\u00e1 ser capaz de escribir a y extraer informaci\u00f3n proveniente de una base de datos MySQL para construir los payloads necesarios para los 2 tipos de requests mencionados en el punto anterior. Se explica mejor el alcance en el proyecto adjunto.<\/div>\n<p>&nbsp;<\/p>\n","protected":false},"featured_media":7921,"template":"","meta":{"saved_in_kubio":false,"_seopress_robots_primary_cat":"","_seopress_titles_title":"","_seopress_titles_desc":"","_seopress_robots_index":"","spay_email":"","jetpack_publicize_message":""},"class_list":{"0":"post-7920","1":"product","2":"type-product","3":"status-publish","4":"has-post-thumbnail","6":"product_cat-nodejs","7":"product_cat-ios-android-app","8":"product_tag-bancomer-php","9":"product_tag-pasarela-bancomer","10":"product_tag-pasarela-pagos-bancomer","11":"product_shipping_class-s-remoto","13":"first","14":"instock","15":"sale","16":"virtual","17":"taxable","18":"purchasable","19":"product-type-simple"},"jetpack_publicize_connections":[],"jetpack_sharing_enabled":true,"jetpack-related-posts":[],"_links":{"self":[{"href":"https:\/\/mojomexico.company\/portal\/wp-json\/wp\/v2\/product\/7920","targetHints":{"allow":["GET"]}}],"collection":[{"href":"https:\/\/mojomexico.company\/portal\/wp-json\/wp\/v2\/product"}],"about":[{"href":"https:\/\/mojomexico.company\/portal\/wp-json\/wp\/v2\/types\/product"}],"wp:featuredmedia":[{"embeddable":true,"href":"https:\/\/mojomexico.company\/portal\/wp-json\/wp\/v2\/media\/7921"}],"wp:attachment":[{"href":"https:\/\/mojomexico.company\/portal\/wp-json\/wp\/v2\/media?parent=7920"}],"curies":[{"name":"wp","href":"https:\/\/api.w.org\/{rel}","templated":true}]}}