{"id":7930,"date":"2023-12-30T14:55:19","date_gmt":"2023-12-30T19:55:19","guid":{"rendered":"https:\/\/mojomexico.company\/portal\/?post_type=product&#038;p=7930"},"modified":"2026-02-10T23:00:46","modified_gmt":"2026-02-11T05:00:46","slug":"conexion-api-tvc-mayorista","status":"publish","type":"product","link":"https:\/\/mojomexico.company\/portal\/producto\/conexion-api-tvc-mayorista\/","title":{"rendered":"Conexi\u00f3n  API TVC-Mayorista"},"content":{"rendered":"<p style=\"text-align: left;\">Plugin desarrollado por Mojomexico para la Conexion API-JSON del catalogo directo del Proveedor TVC MAYORISTA\u00a0 Woocommerce, EShop, Magento2 CE en todas las version. Este es un Modulo o Plugin (WP) que se administra desde BackAdmin de tu tienda para conectar, traer y actualizar periodicamente los productos del catalogo del mayorista, nuevos, bajas, ofertas , inventarios por CD (almacen por Ciudad) si asi lo permite la tecnologia de este proveedor, es decir, sacamos todo el provecho y la aplicamos a la tienda web con todo su poder, Se vende por Licencia-Tienda.<\/p>\n<p>&nbsp;<\/p>\n<ul>\n<li>\n<h3><a href=\"https:\/\/sergioromo.info\/wplab6\/configuracion-cva-woocommerce\/\">VER GUIA DE CONFIGURACION AQUI<\/a><\/h3>\n<\/li>\n<li>\n<h3><a href=\"https:\/\/www.youtube.com\/c\/Prestashop-mx\/videos\">VER VIDEO DEMO EN YOUTUBE<\/a><\/h3>\n<\/li>\n<\/ul>\n<h3><\/h3>\n<p><strong>Que estoy comprando?<\/strong><\/p>\n<p>Al comprar nuestro producto, estas adquiriendo el derecho de uso de nuestro producto por dominio-tienda en forma de Una Licencia (puede adquirir varias licencias si manejas multitiendas) solo para el dominio \u00f3 dominios que registras en tu compra. Solo se entregan programas compilados sin opci\u00f3n a modificar m\u00e1s que por el personal calificado de Mojomexico y solo podr\u00e1 ser usado para el dominio-tienda registrado. El descuento en multitiendas es del 35% de la segunda hasta 99 licencias.<\/p>\n<p><strong>Qu\u00e9 pasa si Prestashop o WC o CT Mayorista cambian de versi\u00f3n ?<\/strong><\/p>\n<p>Nuestro conector est\u00e1 fabricado bajo los est\u00e1ndares de Calidad para ser compatible con todas las versiones de los motores cms pero siempre existe una posibilidad de que se presente una imcompatiblidad futural. En todo caso, Mojomexico brindar\u00e1 la actualizaci\u00f3n inmediata si e\u015bte efecto se presenta dentro de los primeros 30 d\u00edas posterior a su compra SIN COSTO ADICIONAL<\/p>\n<p>En ciertas versiones sobre todo de Presashop existens BUGS de errores sobre todo se notan cuando se aplican acciones Mayores de Conectividad o tambi\u00e9n por Falta de Capacidad de Su Servicio Hosting (los paquetes compartidos de servicio Hosting NO son recomendables para \u00e9stas accioens especiales de servicio, deben ser VPS minimo o Server Dedicado).<\/p>\n<p><strong> Tengo que pagar anualidades \u00f3 comisiones por usar su producto?<\/strong><\/p>\n<p><span style=\"font-size: 1.2rem;\">Segun la promocion<\/span><\/p>\n<p><strong style=\"font-size: 1.2rem;\">C\u00f3mo es el proceso de instalaci\u00f3n?<\/strong><\/p>\n<p>Te creamos un espacio CPanel especial solo para ti y podras usar y actualizar ILIMITADAMENTE los articulos en tu tienda las 24horas durante el periodo de tu membresia.<\/p>\n<p><strong> Que garant\u00eda tengo?<\/strong><\/p>\n<p>99.9% de funcionamiento total en todo momento.<\/p>\n<p><strong> C\u00f3mo puedo ordenar este producto ahora?<\/strong><\/p>\n<p>carga en carrito y sigue las instrucciones que ahi se muestran, Siempre Expedimos FACTURA FISCAL 100% deducible en tu compra.<\/p>\n<p>&nbsp;<\/p>\n<p><a href=\"https:\/\/mojomexico.company\/portal\/producto\/conexion-cva-webservice-prestashop\/cva-zonainstrucciones\/\" rel=\"attachment wp-att-6536\"><img alt=\"\" loading=\"lazy\" decoding=\"async\" data-attachment-id=\"6536\" data-permalink=\"https:\/\/mojomexico.company\/portal\/?attachment_id=6536\" data-orig-file=\"https:\/\/i2.wp.com\/mojomexico.company\/portal\/wp-content\/uploads\/2020\/03\/cva-zonaInstrucciones.png?fit=1009%2C601&amp;ssl=1\" data-orig-size=\"1009,601\" data-comments-opened=\"1\" data-image-meta=\"{&quot;aperture&quot;:&quot;0&quot;,&quot;credit&quot;:&quot;&quot;,&quot;camera&quot;:&quot;&quot;,&quot;caption&quot;:&quot;&quot;,&quot;created_timestamp&quot;:&quot;0&quot;,&quot;copyright&quot;:&quot;&quot;,&quot;focal_length&quot;:&quot;0&quot;,&quot;iso&quot;:&quot;0&quot;,&quot;shutter_speed&quot;:&quot;0&quot;,&quot;title&quot;:&quot;&quot;,&quot;orientation&quot;:&quot;0&quot;}\" data-image-title=\"cva-zonaInstrucciones\" data-image-description=\"\" data-medium-file=\"https:\/\/i2.wp.com\/mojomexico.company\/portal\/wp-content\/uploads\/2020\/03\/cva-zonaInstrucciones.png?fit=250%2C149&amp;ssl=1\" data-large-file=\"https:\/\/i2.wp.com\/mojomexico.company\/portal\/wp-content\/uploads\/2020\/03\/cva-zonaInstrucciones.png?fit=700%2C417&amp;ssl=1\" class=\"alignleft size-large wp-image-6536\" src=\"https:\/\/i2.wp.com\/mojomexico.company\/portal\/wp-content\/uploads\/2020\/03\/cva-zonaInstrucciones.png?resize=700%2C417&#038;ssl=1\" alt=\"\" width=\"700\" height=\"417\" srcset=\"https:\/\/i2.wp.com\/mojomexico.company\/portal\/wp-content\/uploads\/2020\/03\/cva-zonaInstrucciones.png?resize=700%2C417&amp;ssl=1 700w, https:\/\/i2.wp.com\/mojomexico.company\/portal\/wp-content\/uploads\/2020\/03\/cva-zonaInstrucciones.png?resize=250%2C149&amp;ssl=1 250w, https:\/\/i2.wp.com\/mojomexico.company\/portal\/wp-content\/uploads\/2020\/03\/cva-zonaInstrucciones.png?resize=768%2C457&amp;ssl=1 768w, https:\/\/i2.wp.com\/mojomexico.company\/portal\/wp-content\/uploads\/2020\/03\/cva-zonaInstrucciones.png?resize=600%2C357&amp;ssl=1 600w, https:\/\/i2.wp.com\/mojomexico.company\/portal\/wp-content\/uploads\/2020\/03\/cva-zonaInstrucciones.png?resize=120%2C71&amp;ssl=1 120w, https:\/\/i2.wp.com\/mojomexico.company\/portal\/wp-content\/uploads\/2020\/03\/cva-zonaInstrucciones.png?w=1009&amp;ssl=1 1009w\" sizes=\"(max-width: 700px) 100vw, 700px\" data-recalc-dims=\"1\" \/><\/a><\/p>\n<p>&nbsp;<\/p>\n<p>&nbsp;<\/p>\n<p>&nbsp;<\/p>\n<p>&nbsp;<\/p>\n<p>&nbsp;<\/p>\n<p>&nbsp;<\/p>\n<p>&nbsp;<\/p>\n<p>&nbsp;<\/p>\n<p>&nbsp;<\/p>\n","protected":false},"excerpt":{"rendered":"<p><a href=\"https:\/\/mojomexico.company\/portal\/?attachment_id=7991\" rel=\"attachment wp-att-7991\"><img alt=\"\" loading=\"lazy\" decoding=\"async\" class=\"wp-image-7991 alignleft\" src=\"https:\/\/mojomexico.company\/portal\/wp-content\/uploads\/2023\/12\/tvc-icono-512-1R.png\" alt=\"\" width=\"239\" height=\"239\" srcset=\"https:\/\/i2.wp.com\/mojomexico.company\/portal\/wp-content\/uploads\/2023\/12\/tvc-icono-512-1R.png?w=512&amp;ssl=1 512w, https:\/\/i2.wp.com\/mojomexico.company\/portal\/wp-content\/uploads\/2023\/12\/tvc-icono-512-1R.png?resize=300%2C300&amp;ssl=1 300w, https:\/\/i2.wp.com\/mojomexico.company\/portal\/wp-content\/uploads\/2023\/12\/tvc-icono-512-1R.png?resize=150%2C150&amp;ssl=1 150w, https:\/\/i2.wp.com\/mojomexico.company\/portal\/wp-content\/uploads\/2023\/12\/tvc-icono-512-1R.png?resize=500%2C500&amp;ssl=1 500w, https:\/\/i2.wp.com\/mojomexico.company\/portal\/wp-content\/uploads\/2023\/12\/tvc-icono-512-1R.png?resize=100%2C100&amp;ssl=1 100w\" sizes=\"(max-width: 239px) 100vw, 239px\" \/><\/a><\/p>\n<p>antes:<a href=\"https:\/\/cva.mojomexico.net\/wp-content\/uploads\/2023\/02\/precio8990.png\"><img alt=\"\" loading=\"lazy\" decoding=\"async\" class=\"aligncenter size-full wp-image-8060\" src=\"https:\/\/cva.mojomexico.net\/wp-content\/uploads\/2023\/02\/precio8990.png\" alt=\"\" width=\"180\" height=\"64\" \/><\/a><\/p>\n<h3>ahora<\/h3>\n<p><a href=\"https:\/\/mojomexico.company\/portal\/?attachment_id=8531\" rel=\"attachment wp-att-8531\"><img alt=\"\" loading=\"lazy\" decoding=\"async\" class=\"aligncenter wp-image-8531\" src=\"https:\/\/mojomexico.company\/portal\/wp-content\/uploads\/2025\/04\/baner-50desc-1R.jpg\" alt=\"\" width=\"640\" height=\"355\" srcset=\"https:\/\/i2.wp.com\/mojomexico.company\/portal\/wp-content\/uploads\/2025\/04\/baner-50desc-1R.jpg?w=934&amp;ssl=1 934w, https:\/\/i2.wp.com\/mojomexico.company\/portal\/wp-content\/uploads\/2025\/04\/baner-50desc-1R.jpg?resize=300%2C166&amp;ssl=1 300w, https:\/\/i2.wp.com\/mojomexico.company\/portal\/wp-content\/uploads\/2025\/04\/baner-50desc-1R.jpg?resize=768%2C426&amp;ssl=1 768w, https:\/\/i2.wp.com\/mojomexico.company\/portal\/wp-content\/uploads\/2025\/04\/baner-50desc-1R.jpg?resize=600%2C333&amp;ssl=1 600w, https:\/\/i2.wp.com\/mojomexico.company\/portal\/wp-content\/uploads\/2025\/04\/baner-50desc-1R.jpg?resize=500%2C277&amp;ssl=1 500w\" sizes=\"(max-width: 640px) 100vw, 640px\" \/><\/a><\/p>\n<p>&nbsp;<\/p>\n<p>Plugin Conexion API-JSON del catalogo directo del Proveedor TVC MAYORISTA se administra desde BackAdmin de tu tienda para conectar, traer y actualizar periodicamente los productos del catalogo del mayorista, nuevos, bajas, ofertas , inventarios por CD (almacen por Ciudad) .<\/p>\n","protected":false},"featured_media":7991,"template":"","meta":{"saved_in_kubio":false,"_seopress_robots_primary_cat":"none","_seopress_titles_title":"","_seopress_titles_desc":"","_seopress_robots_index":"","spay_email":"","jetpack_publicize_message":""},"class_list":{"0":"post-7930","1":"product","2":"type-product","3":"status-publish","4":"has-post-thumbnail","6":"product_cat-conexion-webservice-erp","7":"product_cat-conexion-webservice-erp-ps","8":"product_cat-ios-android-app","9":"product_cat-joomla-eshop","10":"product_cat-php-laravel","11":"product_cat-prestashop","12":"product_cat-promocionexpress","13":"product_cat-shopify","14":"product_cat-woocommerce-wordpress","15":"product_tag-cva-drupal","16":"product_tag-cva-joomla","17":"product_tag-cva-opencart","18":"product_tag-cva-prestashop","19":"product_tag-cva-woocommerce","20":"product_tag-syscom-woocommerce","21":"product_tag-webservice-prestashop","23":"first","24":"instock","25":"virtual","26":"taxable","27":"purchasable","28":"product-type-simple"},"jetpack_publicize_connections":[],"jetpack_sharing_enabled":true,"jetpack-related-posts":[],"_links":{"self":[{"href":"https:\/\/mojomexico.company\/portal\/wp-json\/wp\/v2\/product\/7930","targetHints":{"allow":["GET"]}}],"collection":[{"href":"https:\/\/mojomexico.company\/portal\/wp-json\/wp\/v2\/product"}],"about":[{"href":"https:\/\/mojomexico.company\/portal\/wp-json\/wp\/v2\/types\/product"}],"wp:featuredmedia":[{"embeddable":true,"href":"https:\/\/mojomexico.company\/portal\/wp-json\/wp\/v2\/media\/7991"}],"wp:attachment":[{"href":"https:\/\/mojomexico.company\/portal\/wp-json\/wp\/v2\/media?parent=7930"}],"curies":[{"name":"wp","href":"https:\/\/api.w.org\/{rel}","templated":true}]}}