{"id":8057,"date":"2024-03-28T14:11:06","date_gmt":"2024-03-28T19:11:06","guid":{"rendered":"https:\/\/mojomexico.company\/portal\/?post_type=product&#038;p=8057"},"modified":"2026-03-23T11:52:15","modified_gmt":"2026-03-23T17:52:15","slug":"conexion-acquia-api-drupal","status":"publish","type":"product","link":"https:\/\/mojomexico.company\/portal\/producto\/conexion-acquia-api-drupal\/","title":{"rendered":"Conexion Acquia API Drupal"},"content":{"rendered":"<p><a href=\"https:\/\/mojomexico.company\/portal\/producto\/conexion-sap-businessone-tienda-web\/caja-sap1-2\/\" rel=\"attachment wp-att-6514\"><img alt=\"\" loading=\"lazy\" decoding=\"async\" data-attachment-id=\"6514\" data-permalink=\"https:\/\/mojomexico.company\/portal\/?attachment_id=6514\" data-orig-file=\"https:\/\/i0.wp.com\/mojomexico.company\/portal\/wp-content\/uploads\/2020\/07\/caja-sap1.png?fit=369%2C395&amp;ssl=1\" data-orig-size=\"369,395\" data-comments-opened=\"1\" data-image-meta=\"{&quot;aperture&quot;:&quot;0&quot;,&quot;credit&quot;:&quot;&quot;,&quot;camera&quot;:&quot;&quot;,&quot;caption&quot;:&quot;&quot;,&quot;created_timestamp&quot;:&quot;0&quot;,&quot;copyright&quot;:&quot;&quot;,&quot;focal_length&quot;:&quot;0&quot;,&quot;iso&quot;:&quot;0&quot;,&quot;shutter_speed&quot;:&quot;0&quot;,&quot;title&quot;:&quot;&quot;,&quot;orientation&quot;:&quot;0&quot;}\" data-image-title=\"caja-sap1\" data-image-description=\"\" data-medium-file=\"https:\/\/i0.wp.com\/mojomexico.company\/portal\/wp-content\/uploads\/2020\/07\/caja-sap1.png?fit=250%2C268&amp;ssl=1\" data-large-file=\"https:\/\/i0.wp.com\/mojomexico.company\/portal\/wp-content\/uploads\/2020\/07\/caja-sap1.png?fit=369%2C395&amp;ssl=1\" class=\"alignleft size-full wp-image-6514\" src=\"https:\/\/i0.wp.com\/mojomexico.company\/portal\/wp-content\/uploads\/2020\/07\/caja-sap1.png?resize=369%2C395&#038;ssl=1\" alt=\"\" width=\"369\" height=\"395\" srcset=\"https:\/\/i0.wp.com\/mojomexico.company\/portal\/wp-content\/uploads\/2020\/07\/caja-sap1.png?w=369&amp;ssl=1 369w, https:\/\/i0.wp.com\/mojomexico.company\/portal\/wp-content\/uploads\/2020\/07\/caja-sap1.png?resize=250%2C268&amp;ssl=1 250w, https:\/\/i0.wp.com\/mojomexico.company\/portal\/wp-content\/uploads\/2020\/07\/caja-sap1.png?resize=120%2C128&amp;ssl=1 120w\" sizes=\"(max-width: 369px) 100vw, 369px\" data-recalc-dims=\"1\" \/><\/a>Modulo API Conexion WP Woocommerce o Magento2 para\u00a0 Webservice ACQUIA DRUPAL entre ambos ambientes,\u00a0 permite la transmisi\u00f3n inmediata de datos como : ordenes generadas en la tienda \u00a0se Integre de forma automatica (en linea) en el\u00a0 ERP, actualizaci\u00f3n de Inventarios desde ERP y en automatico se replica en la tienda Web, pagos, pedidos, etc. Segun los recursos que sean otorgados por el sistema ERP Intelisis, Cada Acci\u00f3n se Agrega de Forma extra al precio aqui mismo en los cuadros anexos<\/p>\n<p>Nuestro plugin se inserta de forma natural por la zona de Plugins en Prestashop o Woocommerce y ahi mismo se puede administrar\u00a0 y ejecutar acciones de mantenimiento normal.<\/p>\n<p>Requiere ser Personalizado por cada Version\u00a0 (importante que nos copies tu version) y Version de TiendaWeb, el tiempo estimado de Generacion de tu Licencia-Conexion y proceso de sincroniacion se estima de 6 a 10 dias.<\/p>\n<p>Gratis Guia De Instalaci\u00f3n incluida en la entrega de tu ZIP-Conector, si requieres m\u00e1s ayuda o soporte accesando via remota debes Adquirir este servicio extra, buscalo aqui como \u00abServicios Extras de Apoyo Conexion ERP\u00bb que tenemos publicado en la Categoria \u00abservicios mojomexico\u00bb.<\/p>\n<p>El precio mostrado es precio base y se requieren cargos extras por acciones extras segun la necesidad de cada tienda.<\/p>\n<p>&nbsp;<\/p>\n<p><strong>Que estoy comprando?<\/strong><\/p>\n<p>Al comprar nuestro producto, estas adquiriendo el derecho de uso de nuestro producto por dominio-tienda en forma de Una Licencia\u00a0 (puede adquirir varias licencias si manejas multitiendas) solo para el dominio \u00f3 dominios que registras en tu compra.<\/p>\n<p>Solo se entregan programas compilados sin opci\u00f3n a modificar m\u00e1s que por el personal calificado de Mojomexico y solo podr\u00e1 ser usado para el dominio-tienda registrado. El descuento en multitiendas es del 35% de la segunda hasta 99 licencias.<\/p>\n<p><strong>Qu\u00e9 pasa\u00a0 Intelisis\u00a0 cambian de versi\u00f3n o la tiend web ?<\/strong><\/p>\n<p>Nuestro conector est\u00e1 fabricado bajo los est\u00e1ndarles de Calidad para ser compatible con las versiones de la tienda Web\u00a0, pero siempre existe una posibilidad de que se presente una incompatibilidad futura. En todo caso, Mojomexico brindar\u00e1 la actualizaci\u00f3n inmediata si e\u015bte efecto se presenta dentro de los primeros 30 d\u00edas posterior a su compra SIN COSTO ADICIONAL . En el caso de Intelisis\u00a0 se sujeta a las mismas condiciones.<\/p>\n<p>Si posterior a \u00e9ste tiempo hay cambios y \u00e9sto invalida el funcionamiento de nuestro conector, en \u00e9ste caso el CLIENTE DEBER\u00c1 PAGAR la actualizaci\u00f3n- ajuste de nuestro programa seg\u00fan sea el caso y el tiempo de servicio a invertir por nuestro personal t\u00e9cnico a tarifa preferencial.<\/p>\n<p><strong>Tengo que pagar anualidades \u00f3 comisiones por usar su producto?<\/strong><\/p>\n<p>Si, solo debe pagar una anualidad de Soporte y Mantenimiento para recibir actualizaci\u00f3n y soporte todo el a\u00f1o.<\/p>\n<p><strong>C\u00f3mo es el proceso de instalaci\u00f3n?<\/strong><\/p>\n<h3><strong>Nosotros te incluimos: GRATIS una GUIA de Configuracion de Operador Administrador mas el soporte ilimitado via TICKET por los primeros 6 meses las 24 horas todo el a\u00f1o.<\/strong><\/h3>\n<p>Nuestros productos son Conexiones Avanzadas WEB para las nuevas versiones de las marcas de tiendas web que aqui listamos, y por su naturaleza requiere alta nivel t\u00e9cnico y de seguridad para soportar los enlaces HTTPS Y WEbSERVICE , etc. Por \u00e9sta razon es importante que cuentes con los requisitos minimos en tu tienda web: plan hosting Profesional (VPS o Server Dedicado como AWS de Amazon, HostMojomexico, CloudServer de Prestigio,..) , asi como completa destreza en el manejo Local WindowsPC de los Servicios Apache \/ PHP7.X ( recomendamos XAMPP), con libre acceso para ajustes a HTACCESS Y PHP.INI Si tienes dudas o deseas que un asesor te oriente o deseas contratar \u00e9sta configuraci\u00f3n de hosting nosotros te ofrecemos ayuda. NOTA:NUESTROS PRODUCTOS PUEDEN PRESENTAR INCONSISTENCIAS EN PLANES HOSTING BASICOS O DE AMBIENTE LIMITADO, ANTE ESTO NUESTRA GARANTIA ES LIMITADA, REVISE SU CONFIGURACION ANTES DE COMPRAR.<\/p>\n<p><strong>Despu\u00e9s de hacer el pago que sigue ?<\/strong><\/p>\n<p>Nuestro equipo de Contabilidad verifica y genera un TICKET ESPECIAL DE SERVICIO que te va a llegar en autom\u00e1tico al mail que nos indicas en tu orden, ahi se anexan las INSTRUCCIONES completas para DESCARGAR TU PRODUCTO y que puedas instalar de forma facil en tu tienda y sistema sae.<\/p>\n<p><strong>Que garant\u00eda tengo?<\/strong><\/p>\n<p>Nosotros te estamos ofreciendo UN A\u00d1O de garant\u00eda y soporte gr\u00e1tis por cualquier falla propia de nuestro producto, pero si la falla es ajena a nuestro c\u00f3digo, ning\u00fan evento no est\u00e1 protegido, a menos que quieras adquirir nuestra p\u00f3liza de soporte y protecci\u00f3n para tu sistema.<\/p>\n<p>La garant\u00eda NO CUBRE fallas propias del MOTOR WEB (ya sea magento o prestashop o woocommerce o cualquier otro) propias del software codigo y conflictos que se presenten entre programas; asi tampoco las fallas provocadas por Su Proveedor de Servicio Hosting ya que nosotros hemos detectado que muchos de los conflictos que se pueden presentar son fallas de limitaci\u00f3n de servicios y recursos que su proveedor hosting no le ofrece o desconoce para el servicio de tiendas web profesionales.En \u00e9stos casos nuestro servicio de garant\u00eda se limitar\u00e1 a indicar de forma basica las posibles causas de las fallas y posibles soluciones sin obligaci\u00f3n de nuestra parte dar soluci\u00f3n para el correcto funcionamiento de nuestro producto en su tienda.<\/p>\n<p><strong>C\u00f3mo puedo ordenar este producto ahora?<\/strong><\/p>\n<p>carga el producto a tu carrito de compra y haz tu cierre de compra, sigue las instrucciones que se presentan en 2 clic puedes tener tu PEDIDO o COTIZACION automatica en tu mail en un Formato Perfectamente para presentar a tu director.<\/p>\n<p>puedes ver este y otros videos en nuestro CANAL YOUTUBE Y VIMEO, buscanos como MOJOMEXICO<\/p>\n<p>&nbsp;<\/p>\n","protected":false},"excerpt":{"rendered":"<div>\n<blockquote><p><a href=\"https:\/\/mojomexico.company\/portal\/acquia-640-2r\/\"><img alt=\"\" loading=\"lazy\" decoding=\"async\" class=\"size-medium wp-image-8059 alignleft\" src=\"https:\/\/mojomexico.company\/portal\/wp-content\/uploads\/2024\/03\/acquia-640-2R-300x300.jpg\" alt=\"\" width=\"300\" height=\"300\" srcset=\"https:\/\/i1.wp.com\/mojomexico.company\/portal\/wp-content\/uploads\/2024\/03\/acquia-640-2R.jpg?resize=300%2C300&amp;ssl=1 300w, https:\/\/i1.wp.com\/mojomexico.company\/portal\/wp-content\/uploads\/2024\/03\/acquia-640-2R.jpg?resize=150%2C150&amp;ssl=1 150w, https:\/\/i1.wp.com\/mojomexico.company\/portal\/wp-content\/uploads\/2024\/03\/acquia-640-2R.jpg?resize=500%2C500&amp;ssl=1 500w, https:\/\/i1.wp.com\/mojomexico.company\/portal\/wp-content\/uploads\/2024\/03\/acquia-640-2R.jpg?resize=100%2C100&amp;ssl=1 100w, https:\/\/i1.wp.com\/mojomexico.company\/portal\/wp-content\/uploads\/2024\/03\/acquia-640-2R.jpg?w=542&amp;ssl=1 542w\" sizes=\"(max-width: 300px) 100vw, 300px\" \/><\/a>&nbsp;<\/p>\n<p>Modulo API Conexion WP Woocommerce o Magento2 para\u00a0 Webservice ACQUIA DRUPAL entre ambos ambientes,\u00a0 permite la transmisi\u00f3n inmediata de datos como : ordenes generadas en la tienda \u00a0se Integre de forma automatica (en linea) en el\u00a0 ERP, actualizaci\u00f3n de Inventarios desde ERP y en automatico se replica en la tienda Web, pagos, pedidos, etc. Segun los recursos que sean otorgados por el sistema ERP Intelisis, Cada Acci\u00f3n se Agrega de Forma extra al precio aqui mismo en los cuadros anexos<\/p>\n<p><strong>Nosotros te incluimos: GRATIS\u00a0 la guia completa y soporte ilimitado todo el a\u00f1o<\/strong><\/p>\n<p>&nbsp;<\/p><\/blockquote>\n<\/div>\n<p>&nbsp;<\/p>\n","protected":false},"featured_media":8059,"template":"","meta":{"saved_in_kubio":false,"_seopress_robots_primary_cat":"","_seopress_titles_title":"","_seopress_titles_desc":"","_seopress_robots_index":"","spay_email":"","jetpack_publicize_message":""},"class_list":{"0":"post-8057","1":"product","2":"type-product","3":"status-publish","4":"has-post-thumbnail","6":"product_cat-conexion-webservice-erp","7":"product_cat-conexion-webservice-erp-mg","8":"product_cat-conexion-webservice-erp-ps","9":"product_cat-nodejs","10":"product_cat-sco-unix-linux","11":"product_cat-woocommerce-wordpress","12":"product_cat-magento-ce","13":"product_cat-prestashop","14":"product_cat-drupal","15":"product_cat-magento2-ce","16":"product_cat-magento-ee","17":"product_cat-ios-android-app","18":"product_cat-php-laravel","19":"product_tag-acquia","20":"product_tag-api","21":"product_tag-drupal","22":"product_tag-erp","23":"product_tag-erp-magento2","24":"product_tag-firebird","25":"product_tag-magento2","26":"product_tag-sae-internet","27":"product_tag-sae-aspel","28":"product_tag-soap-woocommerce","29":"product_tag-webservice","31":"first","32":"instock","33":"virtual","34":"taxable","35":"purchasable","36":"product-type-simple"},"jetpack_publicize_connections":[],"jetpack_sharing_enabled":true,"jetpack-related-posts":[],"_links":{"self":[{"href":"https:\/\/mojomexico.company\/portal\/wp-json\/wp\/v2\/product\/8057","targetHints":{"allow":["GET"]}}],"collection":[{"href":"https:\/\/mojomexico.company\/portal\/wp-json\/wp\/v2\/product"}],"about":[{"href":"https:\/\/mojomexico.company\/portal\/wp-json\/wp\/v2\/types\/product"}],"wp:featuredmedia":[{"embeddable":true,"href":"https:\/\/mojomexico.company\/portal\/wp-json\/wp\/v2\/media\/8059"}],"wp:attachment":[{"href":"https:\/\/mojomexico.company\/portal\/wp-json\/wp\/v2\/media?parent=8057"}],"curies":[{"name":"wp","href":"https:\/\/api.w.org\/{rel}","templated":true}]}}