{"id":8272,"date":"2025-04-16T19:20:53","date_gmt":"2025-04-17T01:20:53","guid":{"rendered":"https:\/\/mojomexico.company\/portal\/?post_type=product&#038;p=8272"},"modified":"2026-02-10T23:00:13","modified_gmt":"2026-02-11T05:00:13","slug":"conexion-intcomex-api-mayorista","status":"publish","type":"product","link":"https:\/\/mojomexico.company\/portal\/producto\/conexion-intcomex-api-mayorista\/","title":{"rendered":"Conexi\u00f3n Intcomex API Mayorista"},"content":{"rendered":"<p style=\"text-align: left;\">Plugin desarrollado por Mojomexico para la Conexion API-JSON del catalogo directo del Proveedor SYSCOM MAYORISTA de Computacion y Electornica desde una tienda\u00a0 Woocommerce version 2-x y 3-x , Magento2, Eshop, Shopify PS y otras. Este es un Moduloque se administra desde BackAdmin de tu tienda para conectar, traer y actualizar periodicamente los productos del catalogo del mayorista, nuevos, bajas, ofertas , inventarios por CD (almacen por Ciudad) si asi lo permite la tecnologia de este proveedor, es decir, sacamos todo el provecho y la aplicamos a la tienda web con todo su poder,<\/p>\n<p>&nbsp;<\/p>\n<ol>\n<li style=\"list-style-type: none;\">\n<ol>\n<li><strong>Puedes agregar NUEVO MODULO SYNC MARKETPLACE para potenciar m\u00e1s tu tienda, lo que te va a permitir el control preciso de tus Promociones en Amazon, Mercado Libre, Claro, Waltmart y otros, en tu compra anual o plan mensual siempre te estamos brindando todo el soporte y actualizaciones constantes todo el a\u00f1o para potenciar \u00e9sta conexion.<\/strong><\/li>\n<\/ol>\n<\/li>\n<\/ol>\n<ul>\n<li>\n<h3><a href=\"https:\/\/sergioromo.info\/wplab6\/configuracion-cva-woocommerce\/\">VER GUIA DE CONFIGURACION AQUI<\/a><\/h3>\n<\/li>\n<li>\n<h3><a href=\"https:\/\/www.youtube.com\/c\/Prestashop-mx\/videos\">VER VIDEO DEMO EN YOUTUBE<\/a><\/h3>\n<\/li>\n<\/ul>\n<h3><\/h3>\n<h2><a href=\"https:\/\/mex-outlet.com\" target=\"_blank\" rel=\"noopener\">Quieres conocer las VERSIONES PYME m\u00e1s econ\u00f3micas? CLIC AQUI<\/a><\/h2>\n<p><strong>Que estoy comprando?<\/strong><\/p>\n<p>Al comprar nuestro producto, estas adquiriendo el derecho de uso de nuestro producto por dominio-tienda en forma de Una Licencia (puede adquirir varias licencias si manejas multitiendas) solo para el dominio \u00f3 dominios que registras en tu compra. Solo se entregan programas compilados sin opci\u00f3n a modificar m\u00e1s que por el personal calificado de Mojomexico y solo podr\u00e1 ser usado para el dominio-tienda registrado. El descuento en multitiendas es del 35% de la segunda hasta 99 licencias.<\/p>\n<p><strong>Qu\u00e9 pasa si la tienda\u00a0 \u00a0\u00f3 Syscom cambian de versi\u00f3n ?<\/strong><\/p>\n<p>Nuestro conector est\u00e1 fabricado bajo los est\u00e1ndares de Calidad para ser compatible con todas las versiones de los motores cms pero siempre existe una posibilidad de que se presente una imcompatiblidad futural. En todo caso, Mojomexico brindar\u00e1 la actualizaci\u00f3n inmediata si e\u015bte efecto se presenta dentro de los primeros 30 d\u00edas posterior a su compra SIN COSTO ADICIONAL<\/p>\n<p>En ciertas versiones sobre todo de Presashop existens BUGS de errores sobre todo se notan cuando se aplican acciones Mayores de Conectividad o tambi\u00e9n por Falta de Capacidad de Su Servicio Hosting (los paquetes compartidos de servicio Hosting NO son recomendables para \u00e9stas accioens especiales de servicio, deben ser VPS minimo o Server Dedicado).<\/p>\n<p><strong style=\"font-size: 1.2rem;\">C\u00f3mo es el proceso de instalaci\u00f3n?<\/strong><\/p>\n<p>Te creamos un espacio CPanel especial solo para ti y podras usar y actualizar ILIMITADAMENTE los articulos en tu tienda las 24horas durante el periodo de tu membresia.<\/p>\n<p><strong> Que garant\u00eda tengo?<\/strong><\/p>\n<p><strong>99.9% de funcionamiento siempre.<\/strong><\/p>\n<p><strong> C\u00f3mo puedo ordenar este producto ahora?<\/strong><\/p>\n<p>carga en carrito y sigue las instrucciones que ahi se muestran, Siempre Expedimos FACTURA FISCAL 100% deducible en tu compra.<\/p>\n<p>&nbsp;<\/p>\n<h1><a href=\"https:\/\/mojomexico.company\/portal\/?attachment_id=7886\" rel=\"attachment wp-att-7886\"><img alt=\"\" loading=\"lazy\" decoding=\"async\" data-attachment-id=\"7886\" data-permalink=\"https:\/\/mojomexico.company\/portal\/?attachment_id=7886\" data-orig-file=\"https:\/\/i2.wp.com\/mojomexico.company\/portal\/wp-content\/uploads\/2023\/10\/caja-marketplace.png?fit=369%2C395&amp;ssl=1\" data-orig-size=\"369,395\" data-comments-opened=\"1\" data-image-meta=\"{&quot;aperture&quot;:&quot;0&quot;,&quot;credit&quot;:&quot;&quot;,&quot;camera&quot;:&quot;&quot;,&quot;caption&quot;:&quot;&quot;,&quot;created_timestamp&quot;:&quot;0&quot;,&quot;copyright&quot;:&quot;&quot;,&quot;focal_length&quot;:&quot;0&quot;,&quot;iso&quot;:&quot;0&quot;,&quot;shutter_speed&quot;:&quot;0&quot;,&quot;title&quot;:&quot;&quot;,&quot;orientation&quot;:&quot;0&quot;}\" data-image-title=\"caja-marketplace\" data-image-description=\"\" data-medium-file=\"https:\/\/i2.wp.com\/mojomexico.company\/portal\/wp-content\/uploads\/2023\/10\/caja-marketplace.png?fit=280%2C300&amp;ssl=1\" data-large-file=\"https:\/\/i2.wp.com\/mojomexico.company\/portal\/wp-content\/uploads\/2023\/10\/caja-marketplace.png?fit=369%2C395&amp;ssl=1\" class=\"size-full wp-image-7886 alignleft\" src=\"https:\/\/i2.wp.com\/mojomexico.company\/portal\/wp-content\/uploads\/2023\/10\/caja-marketplace.png?resize=369%2C395&#038;ssl=1\" alt=\"\" width=\"369\" height=\"395\" srcset=\"https:\/\/i2.wp.com\/mojomexico.company\/portal\/wp-content\/uploads\/2023\/10\/caja-marketplace.png?w=369&amp;ssl=1 369w, https:\/\/i2.wp.com\/mojomexico.company\/portal\/wp-content\/uploads\/2023\/10\/caja-marketplace.png?resize=280%2C300&amp;ssl=1 280w\" sizes=\"(max-width: 369px) 100vw, 369px\" data-recalc-dims=\"1\" \/><\/a>SYNC MARKETPLACE<\/h1>\n<p>Ahora para darle m\u00e1s potencia a tu API CVA Mayorista, hemos creado LA SYNCronitizaci\u00f3n con tu Marketplace:<\/p>\n<p>Amazon<br \/>\nMercado Libre<br \/>\nClaro<br \/>\nWaltmart<br \/>\nLinio<br \/>\notros<\/p>\n<p>PIDELO COMO COMPLEMENTO A TU CONEXION CVA o de cualquier otra marca, en Mojomexico siempre estamos desarrollando nuevas opciones para potenciar tu tienda.<\/p>\n<p>&nbsp;<\/p>\n<p>&nbsp;<\/p>\n<p>&nbsp;<\/p>\n","protected":false},"excerpt":{"rendered":"<p><a href=\"https:\/\/mojomexico.company\/portal\/?attachment_id=8273\" rel=\"attachment wp-att-8273\"><img alt=\"\" loading=\"lazy\" decoding=\"async\" class=\"wp-image-8273 alignleft\" src=\"https:\/\/mojomexico.company\/portal\/wp-content\/uploads\/2025\/04\/incmx-app-640-1R.jpg\" alt=\"\" width=\"238\" height=\"238\" srcset=\"https:\/\/i0.wp.com\/mojomexico.company\/portal\/wp-content\/uploads\/2025\/04\/incmx-app-640-1R.jpg?w=542&amp;ssl=1 542w, https:\/\/i0.wp.com\/mojomexico.company\/portal\/wp-content\/uploads\/2025\/04\/incmx-app-640-1R.jpg?resize=300%2C300&amp;ssl=1 300w, https:\/\/i0.wp.com\/mojomexico.company\/portal\/wp-content\/uploads\/2025\/04\/incmx-app-640-1R.jpg?resize=150%2C150&amp;ssl=1 150w, https:\/\/i0.wp.com\/mojomexico.company\/portal\/wp-content\/uploads\/2025\/04\/incmx-app-640-1R.jpg?resize=500%2C500&amp;ssl=1 500w, https:\/\/i0.wp.com\/mojomexico.company\/portal\/wp-content\/uploads\/2025\/04\/incmx-app-640-1R.jpg?resize=100%2C100&amp;ssl=1 100w\" sizes=\"(max-width: 238px) 100vw, 238px\" \/><\/a><\/p>\n<p>antes:<a href=\"https:\/\/cva.mojomexico.net\/wp-content\/uploads\/2023\/02\/precio8990.png\"><img alt=\"\" loading=\"lazy\" decoding=\"async\" class=\"aligncenter size-full wp-image-8060\" src=\"https:\/\/cva.mojomexico.net\/wp-content\/uploads\/2023\/02\/precio8990.png\" alt=\"\" width=\"180\" height=\"64\" \/><\/a><\/p>\n<p>ahora<\/p>\n<p><a href=\"https:\/\/mojomexico.company\/portal\/?attachment_id=8531\" rel=\"attachment wp-att-8531\"><img alt=\"\" loading=\"lazy\" decoding=\"async\" class=\"aligncenter wp-image-8531\" src=\"https:\/\/mojomexico.company\/portal\/wp-content\/uploads\/2025\/04\/baner-50desc-1R-300x166.jpg\" alt=\"\" width=\"640\" height=\"355\" srcset=\"https:\/\/i2.wp.com\/mojomexico.company\/portal\/wp-content\/uploads\/2025\/04\/baner-50desc-1R.jpg?resize=300%2C166&amp;ssl=1 300w, https:\/\/i2.wp.com\/mojomexico.company\/portal\/wp-content\/uploads\/2025\/04\/baner-50desc-1R.jpg?resize=768%2C426&amp;ssl=1 768w, https:\/\/i2.wp.com\/mojomexico.company\/portal\/wp-content\/uploads\/2025\/04\/baner-50desc-1R.jpg?resize=600%2C333&amp;ssl=1 600w, https:\/\/i2.wp.com\/mojomexico.company\/portal\/wp-content\/uploads\/2025\/04\/baner-50desc-1R.jpg?resize=500%2C277&amp;ssl=1 500w, https:\/\/i2.wp.com\/mojomexico.company\/portal\/wp-content\/uploads\/2025\/04\/baner-50desc-1R.jpg?w=934&amp;ssl=1 934w\" sizes=\"(max-width: 640px) 100vw, 640px\" \/><\/a><\/p>\n<p>&nbsp;<\/p>\n<p>&nbsp;<\/p>\n<p>&nbsp;<\/p>\n<p>Plugin para la Conexion API-JSON del catalogo directo del Proveedor MAYORISTA . Se vende por Licencia-Tienda.<\/p>\n<p>&nbsp;<\/p>\n","protected":false},"featured_media":8273,"template":"","meta":{"saved_in_kubio":false,"_seopress_robots_primary_cat":"none","_seopress_titles_title":"Intcomex API Mayorista","_seopress_titles_desc":"woocommerce conexion api intcomex tienda web","_seopress_robots_index":"","spay_email":"","jetpack_publicize_message":""},"class_list":{"0":"post-8272","1":"product","2":"type-product","3":"status-publish","4":"has-post-thumbnail","6":"product_cat-conexion-webservice-erp","7":"product_cat-conexion-webservice-erp-ps","8":"product_cat-ios-android-app","9":"product_cat-joomla-eshop","10":"product_cat-php-laravel","11":"product_cat-prestashop","12":"product_cat-promocionexpress","13":"product_cat-shopify","14":"product_cat-woocommerce-wordpress","15":"product_tag-cva-drupal","16":"product_tag-cva-joomla","17":"product_tag-cva-opencart","18":"product_tag-cva-prestashop","19":"product_tag-cva-woocommerce","20":"product_tag-syscom-woocommerce","21":"product_tag-webservice-prestashop","23":"first","24":"instock","25":"virtual","26":"taxable","27":"purchasable","28":"product-type-simple"},"jetpack_publicize_connections":[],"jetpack_sharing_enabled":true,"jetpack-related-posts":[],"_links":{"self":[{"href":"https:\/\/mojomexico.company\/portal\/wp-json\/wp\/v2\/product\/8272","targetHints":{"allow":["GET"]}}],"collection":[{"href":"https:\/\/mojomexico.company\/portal\/wp-json\/wp\/v2\/product"}],"about":[{"href":"https:\/\/mojomexico.company\/portal\/wp-json\/wp\/v2\/types\/product"}],"wp:featuredmedia":[{"embeddable":true,"href":"https:\/\/mojomexico.company\/portal\/wp-json\/wp\/v2\/media\/8273"}],"wp:attachment":[{"href":"https:\/\/mojomexico.company\/portal\/wp-json\/wp\/v2\/media?parent=8272"}],"curies":[{"name":"wp","href":"https:\/\/api.w.org\/{rel}","templated":true}]}}